{"id":731,"date":"2017-11-30T13:46:37","date_gmt":"2017-11-30T13:46:37","guid":{"rendered":"http:\/\/www.solteromd.com\/?page_id=731"},"modified":"2019-06-14T14:56:47","modified_gmt":"2019-06-14T14:56:47","slug":"armlift","status":"publish","type":"page","link":"https:\/\/www.solteromd.com\/spanish\/armlift\/","title":{"rendered":"Levantamiento de Brazos"},"content":{"rendered":"<p>[vc_row][vc_column width=\u00bb1\/3&#8243; offset=\u00bbvc_hidden-sm vc_hidden-xs\u00bb]<ul class=\"dt-sc-vertical-nav \"><li><a href=\"#one\">Levantamiento de Brazos o \u201cBraquioplast\u00eda\u201d<\/a><\/li><li><a href=\"#four\">Galer\u00eda<\/a><\/li><li><a href=\"#two\">La Cirug\u00eda de Levantamiento de Brazos<\/a><\/li><\/ul>[\/vc_column][vc_column width=\u00bb2\/3&#8243;][vc_row_inner el_id=\u00bbone\u00bb][vc_column_inner][vc_column_text el_class=\u00bbinherit\u00bb css=\u00bb.vc_custom_1534259602295{margin-top: 5px !important;}\u00bb]<\/p>\n<h3><strong>Levantamiento de Brazos o \u201cBraquioplast\u00eda\u201d<\/strong><\/h3>\n<p>[vc_empty_space height=\u00bb5px\u00bb]<\/p>\n<p>El exceso de piel, la flacidez y la falta de definici\u00f3n en la parte superior de los brazos son efectos del envejecimiento, las fluctuaciones marcadas de peso y del factor hereditario. Por ello, esta condici\u00f3n no puede corregirse con ejercicio f\u00edsico.<\/p>\n<p>&nbsp;<\/p>\n<p>Un Levantamiento de Brazos o Braquioplast\u00eda puede:[\/vc_column_text]<ul class='dt-sc-fancy-list   arrow'>\n<li>Reducir el exceso de piel que cuelga de la parte superior del brazo<\/li>\n<li>Proporcionar brazos torneados, definidos y firmes<\/li>\n<li>Eliminar excesos de grasa localizada en el \u00e1rea del brazo superior<\/li>\n<\/ul>[vc_empty_space height=\u00bb80px\u00bb][vc_column_text el_class=\u00bbinherit\u00bb css=\u00bb.vc_custom_1534259674102{margin-top: 5px !important;}\u00bb]<\/p>\n<h3><strong>Candidatos para un Levantamiento de Brazos<\/strong><\/h3>\n<p>[vc_empty_space height=\u00bb5px\u00bb]<\/p>\n<h3><\/h3>\n<p>En general esta cirug\u00eda se recomienda a:[\/vc_column_text]<ul class='dt-sc-fancy-list   arrow'>\n<li>Adultos con una cantidad significativa de piel fl\u00e1cida en los brazos superiores<\/li>\n<li>Adultos cuyo peso es estable y no presentan mayor sobrepeso<\/li>\n<li>Personas que gocen de buena salud y que no posean ninguna condici\u00f3n que perjudique una buena cicatrizaci\u00f3n o incremente los riesgos<\/li>\n<li>No fumadores<\/li>\n<li>Personas con actitud positiva y expectativas realistas<\/li>\n<\/ul>[vc_empty_space height=\u00bb80px\u00bb][\/vc_column_inner][\/vc_row_inner][vc_row_inner css=\u00bb.vc_custom_1517000411883{margin-bottom: -60px !important;}\u00bb][vc_column_inner offset=\u00bbvc_hidden-lg vc_hidden-md\u00bb][vc_column_text]<span style=\"color: blue; font-size: 14px; font-weight: bold;\">TOCAR SOBRE LA IMAGEN PARA VER RESULTADOS DE ANTES Y DESPU\u00c9S<\/span>[\/vc_column_text][\/vc_column_inner][\/vc_row_inner][vc_row_inner el_id=\u00bbfour\u00bb css=\u00bb.vc_custom_1510254714092{margin-top: 30px !important;}\u00bb][vc_column_inner][vc_column_text el_class=\u00bbinherit\u00bb css=\u00bb.vc_custom_1534259820618{margin-top: 5px !important;}\u00bb]<\/p>\n<h3><strong>Galer\u00eda de Fotos<\/strong><\/h3>\n<p>Caso 1<\/p>\n\t<div id=\"armliftUno-69fa2392b4452\" class=\"baslider-main\" style=\"width:700px; border: 0px solid #ffffff;\">\r\n\t\t<ul class=\"slides-armliftUno-69fa2392b4452\">\r\n\t\t\t\t\t<li class=\"baslideli\">\r\n\t\t\t\t<div class=\"beforeAfterSlidebar \">\r\n\t\t\t\t\t<div class=\"bottomImage\" >\r\n\t\t\t\t\t\t<img src=\"https:\/\/www.solteromd.com\/spanish\/wp-content\/uploads\/2017\/12\/armlift-1.jpg\" alt=\"Before-Case 1\">\r\n\t\t\t\t\t<\/div>\r\n                    <div class=\"topImage\" style=\"border-left-color:#ffffff;-webkit-transition: 0ms;-moz-transition-duration: 0ms;-o-transition-duration: 0ms;-ms-transition-duration: 0ms;transition-duration: 0ms; \">\r\n\t\t\t\t\t\t<img class=\"topImg\" style=\"-webkit-transition: 0ms;-moz-transition-duration: 0ms;-o-transition-duration: 0ms;-ms-transition-duration: 0ms;transition-duration: 0ms;\" src=\"https:\/\/www.solteromd.com\/spanish\/wp-content\/uploads\/2017\/12\/Post-op-1-1.jpg\" alt=\"After-Case 1\">\r\n\t\t\t\t\t<\/div><h5 style=\"text-align:center;color:#ffffff !important;\"><span class=\"ba-before\" >Before<\/span><span class=\"ba-title\" style=\"font-size:13px; \">Case 1<\/span><span class=\"ba-after\" >After<\/span><\/h5><\/div>\r\n\t\t\t<\/li>\r\n\t\t\t\t\t\t<li class=\"baslideli\">\r\n\t\t\t\t<div class=\"beforeAfterSlidebar \">\r\n\t\t\t\t\t<div class=\"bottomImage\" >\r\n\t\t\t\t\t\t<img src=\"https:\/\/www.solteromd.com\/spanish\/wp-content\/uploads\/2017\/12\/Pre-Op-2.jpg\" alt=\"Before-Case 2\">\r\n\t\t\t\t\t<\/div>\r\n                    <div class=\"topImage\" style=\"border-left-color:#ffffff;-webkit-transition: 0ms;-moz-transition-duration: 0ms;-o-transition-duration: 0ms;-ms-transition-duration: 0ms;transition-duration: 0ms; \">\r\n\t\t\t\t\t\t<img class=\"topImg\" style=\"-webkit-transition: 0ms;-moz-transition-duration: 0ms;-o-transition-duration: 0ms;-ms-transition-duration: 0ms;transition-duration: 0ms;\" src=\"https:\/\/www.solteromd.com\/spanish\/wp-content\/uploads\/2017\/12\/Post-Op-15.jpg\" alt=\"After-Case 2\">\r\n\t\t\t\t\t<\/div><h5 style=\"text-align:center;color:#ffffff !important;\"><span class=\"ba-before\" >Before<\/span><span class=\"ba-title\" style=\"font-size:13px; \">Case 2<\/span><span class=\"ba-after\" >After<\/span><\/h5><\/div>\r\n\t\t\t<\/li>\r\n\t\t\t\t\t<\/ul>\r\n\t<\/div>\r\n\t<div class=\"ba-outside\" style=\"width:700px;\">\r\n\t\t<span id=\"slider-next-armliftUno-69fa2392b4452\" class=\"slide-nex\"><\/span><span id=\"slider-prev-armliftUno-69fa2392b4452\" class=\"slide-pre\"><\/span>\r\n\t<\/div>\r\n\t<div style=\"clear:both\"><\/div>\r\n\t\t<script type=\"text\/javascript\">\r\n\t\tvar $mbas4 = jQuery.noConflict();\r\n\t\t\t\t\t\t\t\tvar bxslider_armliftUno;\r\n                $mbas4(document).ready(function(){\r\n                        var armliftUno_l = get_width('#armliftUno-69fa2392b4452');\r\n                        var armliftUno_r = get_width('#armliftUno-69fa2392b4452');\r\n                        var armliftUno_l = armliftUno_l-2;\r\n                        var armliftUno_r = armliftUno_r;\r\n                        var armliftUno_auto = false;\r\n                        var armliftUno_delay = '5000';\r\n                        var armliftUno_effect = 'fade';\r\n\t\t\t\t\t\tvar armliftUno_pager = true;\r\n                    \treset_images('armliftUno-69fa2392b4452');\r\n                        bxslider_armliftUno = start_slider('armliftUno-69fa2392b4452',armliftUno_delay, armliftUno_auto, armliftUno_effect, armliftUno_l, armliftUno_r, armliftUno_pager);\r\n                });\r\n                $mbas4(window).on(\"resize\", function(event){\r\n                    reset_images('armliftUno-69fa2392b4452');\r\n                });\r\n\t\t\t\t$mbas4( \".wpb_accordion .wpb_accordion_wrapper\" ).on( \"accordionactivate\", function( event, ui ) {\r\n\t\t\t\t\tbxslider_armliftUno.redrawSlider();\r\n\t\t\t\t\treset_images('armliftUno-69fa2392b4452');\r\n\t\t\t\t} );\r\n\t\t\t\t$mbas4(document).on(\"ultAdvancedTabClicked\", function(){\r\n\t\t\t\t\tbxslider_armliftUno.destroySlider();\r\n\t\t\t\t\tvar armliftUno_l = get_width('#armliftUno-69fa2392b4452');\r\n\t\t\t\t\tvar armliftUno_r = get_width('#armliftUno-69fa2392b4452');\r\n\t\t\t\t\tvar armliftUno_l = armliftUno_l-2;\r\n\t\t\t\t\tvar armliftUno_r = armliftUno_r;\r\n\t\t\t\t\tvar armliftUno_auto = false;\r\n\t\t\t\t\tvar armliftUno_delay = '5000';\r\n\t\t\t\t\tvar armliftUno_effect = 'fade';\r\n\t\t\t\t\tvar armliftUno_pager = true;\r\n\t\t\t\t\treset_images('armliftUno-69fa2392b4452');\r\n\t\t\t\t\tstart_slider('armliftUno-69fa2392b4452',armliftUno_delay, armliftUno_auto, armliftUno_effect, armliftUno_l, armliftUno_r, armliftUno_pager);\r\n\t\t\t\t});\r\n\t\t\t\t$mbas4(document).ajaxComplete(function(e, xhr, settings){\r\n\t\t\t\t\tvar armliftUno_l = get_width('#armliftUno-69fa2392b4452');\r\n\t\t\t\t\tvar armliftUno_r = get_width('#armliftUno-69fa2392b4452');\r\n\t\t\t\t\tvar armliftUno_l = armliftUno_l-2;\r\n\t\t\t\t\tvar armliftUno_r = armliftUno_r;\r\n\t\t\t\t\tvar armliftUno_auto = false;\r\n\t\t\t\t\tvar armliftUno_delay = '5000';\r\n\t\t\t\t\tvar armliftUno_effect = 'fade';\r\n\t\t\t\t\tvar armliftUno_pager = true;\r\n\t\t\t\t\treset_images('armliftUno-69fa2392b4452');\r\n\t\t\t\t\tstart_slider('armliftUno-69fa2392b4452',armliftUno_delay, armliftUno_auto, armliftUno_effect, armliftUno_l, armliftUno_r, armliftUno_pager);\r\n\t\t\t\t});\r\n        <\/script>\r\n\t\n<p>&nbsp;<\/p>\n<p>Caso 2<\/p>\n<div id=\"armliftDos-69fa2392b4dc5\" class=\"baslider-main\" style=\"width:700px; border: 0px solid #ffffff;\">\r\n\t\t<ul class=\"slides-armliftDos-69fa2392b4dc5\">\r\n\t\t\t\t\t<li class=\"baslideli\">\r\n\t\t\t\t<div class=\"beforeAfterSlidebar \">\r\n\t\t\t\t\t<div class=\"bottomImage\" >\r\n\t\t\t\t\t\t<img src=\"https:\/\/www.solteromd.com\/spanish\/wp-content\/uploads\/2017\/12\/armlift2_Pre-Op-3.jpg\" alt=\"Before-Case 2\">\r\n\t\t\t\t\t<\/div>\r\n                    <div class=\"topImage\" style=\"border-left-color:#ffffff;-webkit-transition: 0ms;-moz-transition-duration: 0ms;-o-transition-duration: 0ms;-ms-transition-duration: 0ms;transition-duration: 0ms; \">\r\n\t\t\t\t\t\t<img class=\"topImg\" style=\"-webkit-transition: 0ms;-moz-transition-duration: 0ms;-o-transition-duration: 0ms;-ms-transition-duration: 0ms;transition-duration: 0ms;\" src=\"https:\/\/www.solteromd.com\/spanish\/wp-content\/uploads\/2017\/12\/armlift2_Post-Op-2.jpg\" alt=\"After-Case 2\">\r\n\t\t\t\t\t<\/div><h5 style=\"text-align:center;color:#ffffff !important;\"><span class=\"ba-before\" >Before<\/span><span class=\"ba-title\" style=\"font-size:13px; \">Case 2<\/span><span class=\"ba-after\" >After<\/span><\/h5><\/div>\r\n\t\t\t<\/li>\r\n\t\t\t\t\t\t<li class=\"baslideli\">\r\n\t\t\t\t<div class=\"beforeAfterSlidebar \">\r\n\t\t\t\t\t<div class=\"bottomImage\" >\r\n\t\t\t\t\t\t<img src=\"https:\/\/www.solteromd.com\/spanish\/wp-content\/uploads\/2017\/12\/armlift2_Pre-Op-1.jpg\" alt=\"Before-Case 2\">\r\n\t\t\t\t\t<\/div>\r\n                    <div class=\"topImage\" style=\"border-left-color:#ffffff;-webkit-transition: 0ms;-moz-transition-duration: 0ms;-o-transition-duration: 0ms;-ms-transition-duration: 0ms;transition-duration: 0ms; \">\r\n\t\t\t\t\t\t<img class=\"topImg\" style=\"-webkit-transition: 0ms;-moz-transition-duration: 0ms;-o-transition-duration: 0ms;-ms-transition-duration: 0ms;transition-duration: 0ms;\" src=\"https:\/\/www.solteromd.com\/spanish\/wp-content\/uploads\/2017\/12\/armlift2_Post-Op-1.jpg\" alt=\"After-Case 2\">\r\n\t\t\t\t\t<\/div><h5 style=\"text-align:center;color:#ffffff !important;\"><span class=\"ba-before\" >Before<\/span><span class=\"ba-title\" style=\"font-size:13px; \">Case 2<\/span><span class=\"ba-after\" >After<\/span><\/h5><\/div>\r\n\t\t\t<\/li>\r\n\t\t\t\t\t<\/ul>\r\n\t<\/div>\r\n\t<div class=\"ba-outside\" style=\"width:700px;\">\r\n\t\t<span id=\"slider-next-armliftDos-69fa2392b4dc5\" class=\"slide-nex\"><\/span><span id=\"slider-prev-armliftDos-69fa2392b4dc5\" class=\"slide-pre\"><\/span>\r\n\t<\/div>\r\n\t<div style=\"clear:both\"><\/div>\r\n\t\t<script type=\"text\/javascript\">\r\n\t\tvar $mbas4 = jQuery.noConflict();\r\n\t\t\t\t\t\t\t\tvar bxslider_armliftDos;\r\n                $mbas4(document).ready(function(){\r\n                        var armliftDos_l = get_width('#armliftDos-69fa2392b4dc5');\r\n                        var armliftDos_r = get_width('#armliftDos-69fa2392b4dc5');\r\n                        var armliftDos_l = armliftDos_l-2;\r\n                        var armliftDos_r = armliftDos_r;\r\n                        var armliftDos_auto = false;\r\n                        var armliftDos_delay = '5000';\r\n                        var armliftDos_effect = 'fade';\r\n\t\t\t\t\t\tvar armliftDos_pager = true;\r\n                    \treset_images('armliftDos-69fa2392b4dc5');\r\n                        bxslider_armliftDos = start_slider('armliftDos-69fa2392b4dc5',armliftDos_delay, armliftDos_auto, armliftDos_effect, armliftDos_l, armliftDos_r, armliftDos_pager);\r\n                });\r\n                $mbas4(window).on(\"resize\", function(event){\r\n                    reset_images('armliftDos-69fa2392b4dc5');\r\n                });\r\n\t\t\t\t$mbas4( \".wpb_accordion .wpb_accordion_wrapper\" ).on( \"accordionactivate\", function( event, ui ) {\r\n\t\t\t\t\tbxslider_armliftDos.redrawSlider();\r\n\t\t\t\t\treset_images('armliftDos-69fa2392b4dc5');\r\n\t\t\t\t} );\r\n\t\t\t\t$mbas4(document).on(\"ultAdvancedTabClicked\", function(){\r\n\t\t\t\t\tbxslider_armliftDos.destroySlider();\r\n\t\t\t\t\tvar armliftDos_l = get_width('#armliftDos-69fa2392b4dc5');\r\n\t\t\t\t\tvar armliftDos_r = get_width('#armliftDos-69fa2392b4dc5');\r\n\t\t\t\t\tvar armliftDos_l = armliftDos_l-2;\r\n\t\t\t\t\tvar armliftDos_r = armliftDos_r;\r\n\t\t\t\t\tvar armliftDos_auto = false;\r\n\t\t\t\t\tvar armliftDos_delay = '5000';\r\n\t\t\t\t\tvar armliftDos_effect = 'fade';\r\n\t\t\t\t\tvar armliftDos_pager = true;\r\n\t\t\t\t\treset_images('armliftDos-69fa2392b4dc5');\r\n\t\t\t\t\tstart_slider('armliftDos-69fa2392b4dc5',armliftDos_delay, armliftDos_auto, armliftDos_effect, armliftDos_l, armliftDos_r, armliftDos_pager);\r\n\t\t\t\t});\r\n\t\t\t\t$mbas4(document).ajaxComplete(function(e, xhr, settings){\r\n\t\t\t\t\tvar armliftDos_l = get_width('#armliftDos-69fa2392b4dc5');\r\n\t\t\t\t\tvar armliftDos_r = get_width('#armliftDos-69fa2392b4dc5');\r\n\t\t\t\t\tvar armliftDos_l = armliftDos_l-2;\r\n\t\t\t\t\tvar armliftDos_r = armliftDos_r;\r\n\t\t\t\t\tvar armliftDos_auto = false;\r\n\t\t\t\t\tvar armliftDos_delay = '5000';\r\n\t\t\t\t\tvar armliftDos_effect = 'fade';\r\n\t\t\t\t\tvar armliftDos_pager = true;\r\n\t\t\t\t\treset_images('armliftDos-69fa2392b4dc5');\r\n\t\t\t\t\tstart_slider('armliftDos-69fa2392b4dc5',armliftDos_delay, armliftDos_auto, armliftDos_effect, armliftDos_l, armliftDos_r, armliftDos_pager);\r\n\t\t\t\t});\r\n        <\/script>\r\n\t[\/vc_column_text][vc_empty_space height=\u00bb48px\u00bb][\/vc_column_inner][\/vc_row_inner][vc_row_inner el_id=\u00bbtwo\u00bb css=\u00bb.vc_custom_1462774436952{margin-top: 60px !important;}\u00bb][vc_column_inner][vc_column_text el_class=\u00bbinherit\u00bb]<\/p>\n<h3><strong>La cirug\u00eda del Levantamiento de Brazos<\/strong><\/h3>\n<p>&nbsp;<\/p>\n<p>La ubicaci\u00f3n y la forma de la incisi\u00f3n variar\u00e1n seg\u00fan la cantidad y localizaci\u00f3n de la piel sobrante a eliminar. Tambi\u00e9n depender\u00e1 de la evaluaci\u00f3n pre-operatoria del Dr. Soltero.<\/p>\n<p>Generalmente las incisiones se colocan en la parte interna o posterior del brazo dependiendo de las preferencias del Dr. Soltero; y pueden llegar a extenderse longitudinalmente desde la axila hasta el codo para eliminar el exceso de grasa. En algunos casos dicho exceso puede tratarse con liposucci\u00f3n.<\/p>\n<p>La longitud de la incisi\u00f3n podr\u00eda ser m\u00e1s corta si la condici\u00f3n del paciente lo permite. Durante el procedimiento los tejidos subyacentes de soporte se tensan y se cierran en capas con suturas internas. Finalmente, la piel se alisa sobre la nueva forma del brazo.<\/p>\n<p>La cirug\u00eda del Levantamiento de Brazos se practica en nuestra sala de cirug\u00eda certificada y ubicada en el \u00e1rea de La Jolla \/ San Diego. La sala del Dr. Soltero, localizada en UTC \/ La Jolla, est\u00e1 completamente equipada con dos quir\u00f3fanos acreditados por la Asociaci\u00f3n Americana para la Acreditaci\u00f3n de Salas de Cirug\u00eda (AAAASF por sus siglas en ingl\u00e9s) y se destaca por ser una de las cl\u00ednicas m\u00e1s privadas, seguras y exclusivas en San Diego. La Braquioplast\u00eda se realiza con anestesia general y solo anestesi\u00f3logos certificados pueden administrarla.<\/p>\n<p>&nbsp;<\/p>\n<p>Si desea m\u00e1s informaci\u00f3n sobre la Cirug\u00eda del Levantamiento de Brazos, nos puede contactar por tel\u00e9fono, e-mail o tambi\u00e9n puede hacer una cita con el Dr. Soltero:<\/p>\n<p>4510 Executive Drive, Suite 105<\/p>\n<p>San Diego, CA 92121<\/p>\n<p>UTC\/La Jolla.<\/p>\n<p>&nbsp;<\/p>\n<p>Por favor <a href=\"https:\/\/www.solteromd.com\/spanish\/financing\/\"><strong>presione aqu\u00ed<\/strong><\/a> para ver los precios estimados de la <strong>Cirug\u00eda del Levantamiento de Brazos<\/strong>.<\/p>\n<p>[\/vc_column_text][vc_empty_space height=\u00bb48px\u00bb][\/vc_column_inner][\/vc_row_inner][\/vc_column][\/vc_row]<\/p>\n","protected":false},"excerpt":{"rendered":"<p>[vc_row][vc_column width=\u00bb1\/3&#8243; offset=\u00bbvc_hidden-sm vc_hidden-xs\u00bb][\/vc_column][vc_column width=\u00bb2\/3&#8243;][vc_row_inner el_id=\u00bbone\u00bb][vc_column_inner][vc_column_text el_class=\u00bbinherit\u00bb css=\u00bb.vc_custom_1534259602295{margin-top: 5px !important;}\u00bb] Levantamiento de Brazos o \u201cBraquioplast\u00eda\u201d [vc_empty_space height=\u00bb5px\u00bb] El exceso de piel, la flacidez y la falta de definici\u00f3n en la parte superior de los brazos son efectos del envejecimiento, las fluctuaciones marcadas de peso y del factor hereditario. Por ello, esta condici\u00f3n no puede corregirse [&hellip;]<\/p>\n","protected":false},"author":1,"featured_media":0,"parent":0,"menu_order":0,"comment_status":"closed","ping_status":"closed","template":"","meta":[],"_links":{"self":[{"href":"https:\/\/www.solteromd.com\/spanish\/wp-json\/wp\/v2\/pages\/731"}],"collection":[{"href":"https:\/\/www.solteromd.com\/spanish\/wp-json\/wp\/v2\/pages"}],"about":[{"href":"https:\/\/www.solteromd.com\/spanish\/wp-json\/wp\/v2\/types\/page"}],"author":[{"embeddable":true,"href":"https:\/\/www.solteromd.com\/spanish\/wp-json\/wp\/v2\/users\/1"}],"replies":[{"embeddable":true,"href":"https:\/\/www.solteromd.com\/spanish\/wp-json\/wp\/v2\/comments?post=731"}],"version-history":[{"count":14,"href":"https:\/\/www.solteromd.com\/spanish\/wp-json\/wp\/v2\/pages\/731\/revisions"}],"predecessor-version":[{"id":1478,"href":"https:\/\/www.solteromd.com\/spanish\/wp-json\/wp\/v2\/pages\/731\/revisions\/1478"}],"wp:attachment":[{"href":"https:\/\/www.solteromd.com\/spanish\/wp-json\/wp\/v2\/media?parent=731"}],"curies":[{"name":"wp","href":"https:\/\/api.w.org\/{rel}","templated":true}]}}