{"id":554,"date":"2017-11-09T15:22:25","date_gmt":"2017-11-09T15:22:25","guid":{"rendered":"http:\/\/www.solteromd.com\/?page_id=554"},"modified":"2019-06-14T15:57:26","modified_gmt":"2019-06-14T15:57:26","slug":"gynecomastia","status":"publish","type":"page","link":"https:\/\/www.solteromd.com\/spanish\/gynecomastia\/","title":{"rendered":"Ginecomastia"},"content":{"rendered":"<p>[vc_row][vc_column width=\u00bb1\/3&#8243; offset=\u00bbvc_hidden-sm vc_hidden-xs\u00bb]<ul class=\"dt-sc-vertical-nav \"><li><a href=\"#one\">Ginecomastia<\/a><\/li><li><a href=\"#four\">Galer\u00eda<\/a><\/li><li><a href=\"#two\">Consulta Inicial para Ginecomastia<\/a><\/li><li><a href=\"#three\">La Cirug\u00eda de Ginecomastia<\/a><\/li><\/ul>[\/vc_column][vc_column width=\u00bb2\/3&#8243;][vc_row_inner el_id=\u00bbone\u00bb][vc_column_inner][vc_column_text el_class=\u00bbinherit\u00bb css=\u00bb.vc_custom_1534535005374{margin-top: 5px !important;}\u00bb]<\/p>\n<h3><strong>Ginecomastia<\/strong><\/h3>\n<p>[vc_empty_space height=\u00bb5px\u00bb]<\/p>\n<p>Se denomina Ginecomastia al desarrollo de las gl\u00e1ndulas mamarias en el hombre. Esta condici\u00f3n consiste en un crecimiento excesivo del pecho del hombre y\/o la inflamaci\u00f3n de las areolas. En la mayor\u00eda de los casos la soluci\u00f3n pasa por una operaci\u00f3n de Ginecomastia para remover el exceso de tejido mamario. El uso de liposucci\u00f3n en la zona perif\u00e9rica del pecho tambi\u00e9n puede ser beneficiosa.<\/p>\n<p>&nbsp;<\/p>\n<h3><strong>Candidatos a Ginecomastia<\/strong><\/h3>\n<p>[\/vc_column_text]<ul class='dt-sc-fancy-list   arrow'>\n<li>Hombres cuya condici\u00f3n no puede corregirse a trav\u00e9s de tratamientos m\u00e9dicos alternativos<\/li>\n<li>Hombres que gocen de buena salud, no est\u00e9n enfermos y no posean ninguna condici\u00f3n m\u00e9dica preexistente que les impida operarse<\/li>\n<li>Personas no fumadoras y consumidoras de drogas<\/li>\n<li>Personas con actitud positiva y con objetivos espec\u00edficos sobre la Ginecomastia<\/li>\n<li>Hombres f\u00edsicamente sanos y con un peso relativamente normal<\/li>\n<li>Hombres con expectativas realistas<\/li>\n<li>Hombres con desarrollo mamario estabilizado<\/li>\n<li>Hombres que se sientan incomodos con el tama\u00f1o de sus mamas.<\/li>\n<\/ul>[vc_empty_space height=\u00bb48px\u00bb][\/vc_column_inner][\/vc_row_inner][vc_row_inner][vc_column_inner offset=\u00bbvc_hidden-lg vc_hidden-md\u00bb][vc_column_text]<span style=\"color: blue; font-size: 14px; font-weight: bold;\">TOCAR SOBRE LA IMAGEN PARA VER RESULTADOS DE ANTES Y DESPU\u00c9S<\/span>[\/vc_column_text][\/vc_column_inner][\/vc_row_inner][vc_row_inner el_id=\u00bbfour\u00bb][vc_column_inner][vc_column_text el_class=\u00bbinherit\u00bb css=\u00bb.vc_custom_1534535082254{margin-top: 5px !important;}\u00bb]<\/p>\n<h3><strong>Galer\u00eda de Fotos<\/strong><\/h3>\n<p>Caso 1<\/p>\n\t<div id=\"gynecoUno-69fa234a23ffc\" class=\"baslider-main\" style=\"width:700px; border: 0px solid #ffffff;\">\r\n\t\t<ul class=\"slides-gynecoUno-69fa234a23ffc\">\r\n\t\t\t\t\t<li class=\"baslideli\">\r\n\t\t\t\t<div class=\"beforeAfterSlidebar \">\r\n\t\t\t\t\t<div class=\"bottomImage\" >\r\n\t\t\t\t\t\t<img src=\"https:\/\/www.solteromd.com\/spanish\/wp-content\/uploads\/2017\/12\/gynecomastia1_Pre-op-5.jpg\" alt=\"Before-Case 1\">\r\n\t\t\t\t\t<\/div>\r\n                    <div class=\"topImage\" style=\"border-left-color:#ffffff;-webkit-transition: 0ms;-moz-transition-duration: 0ms;-o-transition-duration: 0ms;-ms-transition-duration: 0ms;transition-duration: 0ms; \">\r\n\t\t\t\t\t\t<img class=\"topImg\" style=\"-webkit-transition: 0ms;-moz-transition-duration: 0ms;-o-transition-duration: 0ms;-ms-transition-duration: 0ms;transition-duration: 0ms;\" src=\"https:\/\/www.solteromd.com\/spanish\/wp-content\/uploads\/2017\/12\/gynecomastia1_Post-op-5.jpg\" alt=\"After-Case 1\">\r\n\t\t\t\t\t<\/div><h5 style=\"text-align:center;color:#ffffff !important;\"><span class=\"ba-before\" >Before<\/span><span class=\"ba-title\" style=\"font-size:13px; \">Case 1<\/span><span class=\"ba-after\" >After<\/span><\/h5><\/div>\r\n\t\t\t<\/li>\r\n\t\t\t\t\t\t<li class=\"baslideli\">\r\n\t\t\t\t<div class=\"beforeAfterSlidebar \">\r\n\t\t\t\t\t<div class=\"bottomImage\" >\r\n\t\t\t\t\t\t<img src=\"https:\/\/www.solteromd.com\/spanish\/wp-content\/uploads\/2017\/12\/gynecomastia1_Pre-op-2.jpg\" alt=\"Before-Case 1\">\r\n\t\t\t\t\t<\/div>\r\n                    <div class=\"topImage\" style=\"border-left-color:#ffffff;-webkit-transition: 0ms;-moz-transition-duration: 0ms;-o-transition-duration: 0ms;-ms-transition-duration: 0ms;transition-duration: 0ms; \">\r\n\t\t\t\t\t\t<img class=\"topImg\" style=\"-webkit-transition: 0ms;-moz-transition-duration: 0ms;-o-transition-duration: 0ms;-ms-transition-duration: 0ms;transition-duration: 0ms;\" src=\"https:\/\/www.solteromd.com\/spanish\/wp-content\/uploads\/2017\/12\/gynecomastia1_Post-op-2.jpg\" alt=\"After-Case 1\">\r\n\t\t\t\t\t<\/div><h5 style=\"text-align:center;color:#ffffff !important;\"><span class=\"ba-before\" >Before<\/span><span class=\"ba-title\" style=\"font-size:13px; \">Case 1<\/span><span class=\"ba-after\" >After<\/span><\/h5><\/div>\r\n\t\t\t<\/li>\r\n\t\t\t\t\t\t<li class=\"baslideli\">\r\n\t\t\t\t<div class=\"beforeAfterSlidebar \">\r\n\t\t\t\t\t<div class=\"bottomImage\" >\r\n\t\t\t\t\t\t<img src=\"https:\/\/www.solteromd.com\/spanish\/wp-content\/uploads\/2017\/12\/gynecomastia1_Pre-op-4.jpg\" alt=\"Before-Case 1\">\r\n\t\t\t\t\t<\/div>\r\n                    <div class=\"topImage\" style=\"border-left-color:#ffffff;-webkit-transition: 0ms;-moz-transition-duration: 0ms;-o-transition-duration: 0ms;-ms-transition-duration: 0ms;transition-duration: 0ms; \">\r\n\t\t\t\t\t\t<img class=\"topImg\" style=\"-webkit-transition: 0ms;-moz-transition-duration: 0ms;-o-transition-duration: 0ms;-ms-transition-duration: 0ms;transition-duration: 0ms;\" src=\"https:\/\/www.solteromd.com\/spanish\/wp-content\/uploads\/2017\/12\/gynecomastia1_Post-op-4.jpg\" alt=\"After-Case 1\">\r\n\t\t\t\t\t<\/div><h5 style=\"text-align:center;color:#ffffff !important;\"><span class=\"ba-before\" >Before<\/span><span class=\"ba-title\" style=\"font-size:13px; \">Case 1<\/span><span class=\"ba-after\" >After<\/span><\/h5><\/div>\r\n\t\t\t<\/li>\r\n\t\t\t\t\t<\/ul>\r\n\t<\/div>\r\n\t<div class=\"ba-outside\" style=\"width:700px;\">\r\n\t\t<span id=\"slider-next-gynecoUno-69fa234a23ffc\" class=\"slide-nex\"><\/span><span id=\"slider-prev-gynecoUno-69fa234a23ffc\" class=\"slide-pre\"><\/span>\r\n\t<\/div>\r\n\t<div style=\"clear:both\"><\/div>\r\n\t\t<script type=\"text\/javascript\">\r\n\t\tvar $mbas4 = jQuery.noConflict();\r\n\t\t\t\t\t\t\t\tvar bxslider_gynecoUno;\r\n                $mbas4(document).ready(function(){\r\n                        var gynecoUno_l = get_width('#gynecoUno-69fa234a23ffc');\r\n                        var gynecoUno_r = get_width('#gynecoUno-69fa234a23ffc');\r\n                        var gynecoUno_l = gynecoUno_l-2;\r\n                        var gynecoUno_r = gynecoUno_r;\r\n                        var gynecoUno_auto = false;\r\n                        var gynecoUno_delay = '5000';\r\n                        var gynecoUno_effect = 'fade';\r\n\t\t\t\t\t\tvar gynecoUno_pager = true;\r\n                    \treset_images('gynecoUno-69fa234a23ffc');\r\n                        bxslider_gynecoUno = start_slider('gynecoUno-69fa234a23ffc',gynecoUno_delay, gynecoUno_auto, gynecoUno_effect, gynecoUno_l, gynecoUno_r, gynecoUno_pager);\r\n                });\r\n                $mbas4(window).on(\"resize\", function(event){\r\n                    reset_images('gynecoUno-69fa234a23ffc');\r\n                });\r\n\t\t\t\t$mbas4( \".wpb_accordion .wpb_accordion_wrapper\" ).on( \"accordionactivate\", function( event, ui ) {\r\n\t\t\t\t\tbxslider_gynecoUno.redrawSlider();\r\n\t\t\t\t\treset_images('gynecoUno-69fa234a23ffc');\r\n\t\t\t\t} );\r\n\t\t\t\t$mbas4(document).on(\"ultAdvancedTabClicked\", function(){\r\n\t\t\t\t\tbxslider_gynecoUno.destroySlider();\r\n\t\t\t\t\tvar gynecoUno_l = get_width('#gynecoUno-69fa234a23ffc');\r\n\t\t\t\t\tvar gynecoUno_r = get_width('#gynecoUno-69fa234a23ffc');\r\n\t\t\t\t\tvar gynecoUno_l = gynecoUno_l-2;\r\n\t\t\t\t\tvar gynecoUno_r = gynecoUno_r;\r\n\t\t\t\t\tvar gynecoUno_auto = false;\r\n\t\t\t\t\tvar gynecoUno_delay = '5000';\r\n\t\t\t\t\tvar gynecoUno_effect = 'fade';\r\n\t\t\t\t\tvar gynecoUno_pager = true;\r\n\t\t\t\t\treset_images('gynecoUno-69fa234a23ffc');\r\n\t\t\t\t\tstart_slider('gynecoUno-69fa234a23ffc',gynecoUno_delay, gynecoUno_auto, gynecoUno_effect, gynecoUno_l, gynecoUno_r, gynecoUno_pager);\r\n\t\t\t\t});\r\n\t\t\t\t$mbas4(document).ajaxComplete(function(e, xhr, settings){\r\n\t\t\t\t\tvar gynecoUno_l = get_width('#gynecoUno-69fa234a23ffc');\r\n\t\t\t\t\tvar gynecoUno_r = get_width('#gynecoUno-69fa234a23ffc');\r\n\t\t\t\t\tvar gynecoUno_l = gynecoUno_l-2;\r\n\t\t\t\t\tvar gynecoUno_r = gynecoUno_r;\r\n\t\t\t\t\tvar gynecoUno_auto = false;\r\n\t\t\t\t\tvar gynecoUno_delay = '5000';\r\n\t\t\t\t\tvar gynecoUno_effect = 'fade';\r\n\t\t\t\t\tvar gynecoUno_pager = true;\r\n\t\t\t\t\treset_images('gynecoUno-69fa234a23ffc');\r\n\t\t\t\t\tstart_slider('gynecoUno-69fa234a23ffc',gynecoUno_delay, gynecoUno_auto, gynecoUno_effect, gynecoUno_l, gynecoUno_r, gynecoUno_pager);\r\n\t\t\t\t});\r\n        <\/script>\r\n\t\n<p>&nbsp;<\/p>\n<p>Caso 2<\/p>\n<div id=\"gynecoDos-69fa234a24f5d\" class=\"baslider-main\" style=\"width:700px; border: 0px solid #ffffff;\">\r\n\t\t<ul class=\"slides-gynecoDos-69fa234a24f5d\">\r\n\t\t\t\t\t<li class=\"baslideli\">\r\n\t\t\t\t<div class=\"beforeAfterSlidebar \">\r\n\t\t\t\t\t<div class=\"bottomImage\" >\r\n\t\t\t\t\t\t<img src=\"https:\/\/www.solteromd.com\/spanish\/wp-content\/uploads\/2017\/12\/gynecomastia2_Pre-Op-2.jpg\" alt=\"Before-Case 2\">\r\n\t\t\t\t\t<\/div>\r\n                    <div class=\"topImage\" style=\"border-left-color:#ffffff;-webkit-transition: 0ms;-moz-transition-duration: 0ms;-o-transition-duration: 0ms;-ms-transition-duration: 0ms;transition-duration: 0ms; \">\r\n\t\t\t\t\t\t<img class=\"topImg\" style=\"-webkit-transition: 0ms;-moz-transition-duration: 0ms;-o-transition-duration: 0ms;-ms-transition-duration: 0ms;transition-duration: 0ms;\" src=\"https:\/\/www.solteromd.com\/spanish\/wp-content\/uploads\/2017\/12\/gynecomastia2_Post-Op-5.jpg\" alt=\"After-Case 2\">\r\n\t\t\t\t\t<\/div><h5 style=\"text-align:center;color:#ffffff !important;\"><span class=\"ba-before\" >Before<\/span><span class=\"ba-title\" style=\"font-size:13px; \">Case 2<\/span><span class=\"ba-after\" >After<\/span><\/h5><\/div>\r\n\t\t\t<\/li>\r\n\t\t\t\t\t\t<li class=\"baslideli\">\r\n\t\t\t\t<div class=\"beforeAfterSlidebar \">\r\n\t\t\t\t\t<div class=\"bottomImage\" >\r\n\t\t\t\t\t\t<img src=\"https:\/\/www.solteromd.com\/spanish\/wp-content\/uploads\/2017\/12\/gynecomastia2_Pre-Op-4.jpg\" alt=\"Before-Case 2\">\r\n\t\t\t\t\t<\/div>\r\n                    <div class=\"topImage\" style=\"border-left-color:#ffffff;-webkit-transition: 0ms;-moz-transition-duration: 0ms;-o-transition-duration: 0ms;-ms-transition-duration: 0ms;transition-duration: 0ms; \">\r\n\t\t\t\t\t\t<img class=\"topImg\" style=\"-webkit-transition: 0ms;-moz-transition-duration: 0ms;-o-transition-duration: 0ms;-ms-transition-duration: 0ms;transition-duration: 0ms;\" src=\"https:\/\/www.solteromd.com\/spanish\/wp-content\/uploads\/2017\/12\/gynecomastia2_Post-Op-2.jpg\" alt=\"After-Case 2\">\r\n\t\t\t\t\t<\/div><h5 style=\"text-align:center;color:#ffffff !important;\"><span class=\"ba-before\" >Before<\/span><span class=\"ba-title\" style=\"font-size:13px; \">Case 2<\/span><span class=\"ba-after\" >After<\/span><\/h5><\/div>\r\n\t\t\t<\/li>\r\n\t\t\t\t\t\t<li class=\"baslideli\">\r\n\t\t\t\t<div class=\"beforeAfterSlidebar \">\r\n\t\t\t\t\t<div class=\"bottomImage\" >\r\n\t\t\t\t\t\t<img src=\"https:\/\/www.solteromd.com\/spanish\/wp-content\/uploads\/2017\/12\/gynecomastia2_Pre-Op-6.jpg\" alt=\"Before-Case 2\">\r\n\t\t\t\t\t<\/div>\r\n                    <div class=\"topImage\" style=\"border-left-color:#ffffff;-webkit-transition: 0ms;-moz-transition-duration: 0ms;-o-transition-duration: 0ms;-ms-transition-duration: 0ms;transition-duration: 0ms; \">\r\n\t\t\t\t\t\t<img class=\"topImg\" style=\"-webkit-transition: 0ms;-moz-transition-duration: 0ms;-o-transition-duration: 0ms;-ms-transition-duration: 0ms;transition-duration: 0ms;\" src=\"https:\/\/www.solteromd.com\/spanish\/wp-content\/uploads\/2017\/12\/gynecomastia2_Post-Op-4.jpg\" alt=\"After-Case 2\">\r\n\t\t\t\t\t<\/div><h5 style=\"text-align:center;color:#ffffff !important;\"><span class=\"ba-before\" >Before<\/span><span class=\"ba-title\" style=\"font-size:13px; \">Case 2<\/span><span class=\"ba-after\" >After<\/span><\/h5><\/div>\r\n\t\t\t<\/li>\r\n\t\t\t\t\t<\/ul>\r\n\t<\/div>\r\n\t<div class=\"ba-outside\" style=\"width:700px;\">\r\n\t\t<span id=\"slider-next-gynecoDos-69fa234a24f5d\" class=\"slide-nex\"><\/span><span id=\"slider-prev-gynecoDos-69fa234a24f5d\" class=\"slide-pre\"><\/span>\r\n\t<\/div>\r\n\t<div style=\"clear:both\"><\/div>\r\n\t\t<script type=\"text\/javascript\">\r\n\t\tvar $mbas4 = jQuery.noConflict();\r\n\t\t\t\t\t\t\t\tvar bxslider_gynecoDos;\r\n                $mbas4(document).ready(function(){\r\n                        var gynecoDos_l = get_width('#gynecoDos-69fa234a24f5d');\r\n                        var gynecoDos_r = get_width('#gynecoDos-69fa234a24f5d');\r\n                        var gynecoDos_l = gynecoDos_l-2;\r\n                        var gynecoDos_r = gynecoDos_r;\r\n                        var gynecoDos_auto = false;\r\n                        var gynecoDos_delay = '5000';\r\n                        var gynecoDos_effect = 'fade';\r\n\t\t\t\t\t\tvar gynecoDos_pager = true;\r\n                    \treset_images('gynecoDos-69fa234a24f5d');\r\n                        bxslider_gynecoDos = start_slider('gynecoDos-69fa234a24f5d',gynecoDos_delay, gynecoDos_auto, gynecoDos_effect, gynecoDos_l, gynecoDos_r, gynecoDos_pager);\r\n                });\r\n                $mbas4(window).on(\"resize\", function(event){\r\n                    reset_images('gynecoDos-69fa234a24f5d');\r\n                });\r\n\t\t\t\t$mbas4( \".wpb_accordion .wpb_accordion_wrapper\" ).on( \"accordionactivate\", function( event, ui ) {\r\n\t\t\t\t\tbxslider_gynecoDos.redrawSlider();\r\n\t\t\t\t\treset_images('gynecoDos-69fa234a24f5d');\r\n\t\t\t\t} );\r\n\t\t\t\t$mbas4(document).on(\"ultAdvancedTabClicked\", function(){\r\n\t\t\t\t\tbxslider_gynecoDos.destroySlider();\r\n\t\t\t\t\tvar gynecoDos_l = get_width('#gynecoDos-69fa234a24f5d');\r\n\t\t\t\t\tvar gynecoDos_r = get_width('#gynecoDos-69fa234a24f5d');\r\n\t\t\t\t\tvar gynecoDos_l = gynecoDos_l-2;\r\n\t\t\t\t\tvar gynecoDos_r = gynecoDos_r;\r\n\t\t\t\t\tvar gynecoDos_auto = false;\r\n\t\t\t\t\tvar gynecoDos_delay = '5000';\r\n\t\t\t\t\tvar gynecoDos_effect = 'fade';\r\n\t\t\t\t\tvar gynecoDos_pager = true;\r\n\t\t\t\t\treset_images('gynecoDos-69fa234a24f5d');\r\n\t\t\t\t\tstart_slider('gynecoDos-69fa234a24f5d',gynecoDos_delay, gynecoDos_auto, gynecoDos_effect, gynecoDos_l, gynecoDos_r, gynecoDos_pager);\r\n\t\t\t\t});\r\n\t\t\t\t$mbas4(document).ajaxComplete(function(e, xhr, settings){\r\n\t\t\t\t\tvar gynecoDos_l = get_width('#gynecoDos-69fa234a24f5d');\r\n\t\t\t\t\tvar gynecoDos_r = get_width('#gynecoDos-69fa234a24f5d');\r\n\t\t\t\t\tvar gynecoDos_l = gynecoDos_l-2;\r\n\t\t\t\t\tvar gynecoDos_r = gynecoDos_r;\r\n\t\t\t\t\tvar gynecoDos_auto = false;\r\n\t\t\t\t\tvar gynecoDos_delay = '5000';\r\n\t\t\t\t\tvar gynecoDos_effect = 'fade';\r\n\t\t\t\t\tvar gynecoDos_pager = true;\r\n\t\t\t\t\treset_images('gynecoDos-69fa234a24f5d');\r\n\t\t\t\t\tstart_slider('gynecoDos-69fa234a24f5d',gynecoDos_delay, gynecoDos_auto, gynecoDos_effect, gynecoDos_l, gynecoDos_r, gynecoDos_pager);\r\n\t\t\t\t});\r\n        <\/script>\r\n\t[\/vc_column_text][vc_empty_space height=\u00bb48px\u00bb][\/vc_column_inner][\/vc_row_inner][vc_row_inner el_id=\u00bbtwo\u00bb css=\u00bb.vc_custom_1462774436952{margin-top: 60px !important;}\u00bb][vc_column_inner][vc_column_text el_class=\u00bbinherit\u00bb]<\/p>\n<h3><strong>Consulta inicial para Ginecomastia en La Jolla, San Diego<\/strong><\/h3>\n<p>Una consulta personalizada en nuestra exclusiva oficina de La Jolla \/ San Diego es el primer paso a seguir si est\u00e1 considerando la <strong>Cirug\u00eda de Ginecomastia<\/strong>.<\/p>\n<p>Durante la consulta, en nuestra cl\u00ednica de <strong>La Jolla \/ San Diego<\/strong>, el Dr. Soltero har\u00e1 una evaluaci\u00f3n de su salud f\u00edsica y emocional; y se asegurar\u00e1 de que sus expectativas sean realistas. Usted podr\u00e1 hacer preguntas sobre el procedimiento de <strong>Ginecomastia<\/strong>, hablar sobre las opciones disponibles y los riesgos que esta cirug\u00eda acarrea.<\/p>\n<p>En nuestra cl\u00ednica de la <strong>La Jolla \/ San Diego<\/strong>, el Dr. Soltero le mostrar\u00e1 varias fotos de antes y despu\u00e9s de la <strong>Ginecomastia<\/strong>[\/vc_column_text][vc_empty_space height=\u00bb48px\u00bb][\/vc_column_inner][\/vc_row_inner][vc_row_inner el_id=\u00bbthree\u00bb css=\u00bb.vc_custom_1462774503405{margin-top: 30px !important;}\u00bb][vc_column_inner][vc_column_text el_class=\u00bbinherit\u00bb]<\/p>\n<h3><strong>La Cirug\u00eda de Ginecomastia<\/strong><\/h3>\n<p>La cirug\u00eda de la <strong>Ginecomastia<\/strong> es llevada a cabo en nuestro centro de cirug\u00eda certificado ubicado en <strong>La Jolla \/ San Diego<\/strong>. Totalmente equipada con dos salas de cirug\u00eda acreditadas por la Asociaci\u00f3n Americana para la Acreditaci\u00f3n de Salas de Cirug\u00eda (AAAASF por sus siglas en ingl\u00e9s) nuestra cl\u00ednica se destaca por ser una de las m\u00e1s privadas y selectas del \u00e1rea <strong>La Jolla \/ San Diego<\/strong>.<\/p>\n<p>Esta cirug\u00eda se realiza con anestesia general suministrada por un anestesi\u00f3logo certificado.[\/vc_column_text][vc_empty_space height=\u00bb48px\u00bb][\/vc_column_inner][\/vc_row_inner][\/vc_column][\/vc_row]<\/p>\n","protected":false},"excerpt":{"rendered":"<p>[vc_row][vc_column width=\u00bb1\/3&#8243; offset=\u00bbvc_hidden-sm vc_hidden-xs\u00bb][\/vc_column][vc_column width=\u00bb2\/3&#8243;][vc_row_inner el_id=\u00bbone\u00bb][vc_column_inner][vc_column_text el_class=\u00bbinherit\u00bb css=\u00bb.vc_custom_1534535005374{margin-top: 5px !important;}\u00bb] Ginecomastia [vc_empty_space height=\u00bb5px\u00bb] Se denomina Ginecomastia al desarrollo de las gl\u00e1ndulas mamarias en el hombre. Esta condici\u00f3n consiste en un crecimiento excesivo del pecho del hombre y\/o la inflamaci\u00f3n de las areolas. En la mayor\u00eda de los casos la soluci\u00f3n pasa por una operaci\u00f3n de [&hellip;]<\/p>\n","protected":false},"author":1,"featured_media":0,"parent":0,"menu_order":0,"comment_status":"closed","ping_status":"closed","template":"","meta":[],"_links":{"self":[{"href":"https:\/\/www.solteromd.com\/spanish\/wp-json\/wp\/v2\/pages\/554"}],"collection":[{"href":"https:\/\/www.solteromd.com\/spanish\/wp-json\/wp\/v2\/pages"}],"about":[{"href":"https:\/\/www.solteromd.com\/spanish\/wp-json\/wp\/v2\/types\/page"}],"author":[{"embeddable":true,"href":"https:\/\/www.solteromd.com\/spanish\/wp-json\/wp\/v2\/users\/1"}],"replies":[{"embeddable":true,"href":"https:\/\/www.solteromd.com\/spanish\/wp-json\/wp\/v2\/comments?post=554"}],"version-history":[{"count":8,"href":"https:\/\/www.solteromd.com\/spanish\/wp-json\/wp\/v2\/pages\/554\/revisions"}],"predecessor-version":[{"id":1500,"href":"https:\/\/www.solteromd.com\/spanish\/wp-json\/wp\/v2\/pages\/554\/revisions\/1500"}],"wp:attachment":[{"href":"https:\/\/www.solteromd.com\/spanish\/wp-json\/wp\/v2\/media?parent=554"}],"curies":[{"name":"wp","href":"https:\/\/api.w.org\/{rel}","templated":true}]}}