{"id":461,"date":"2017-11-01T16:03:00","date_gmt":"2017-11-01T16:03:00","guid":{"rendered":"http:\/\/www.solteromd.com\/?page_id=461"},"modified":"2019-06-14T15:41:23","modified_gmt":"2019-06-14T15:41:23","slug":"hair-transplant","status":"publish","type":"page","link":"https:\/\/www.solteromd.com\/spanish\/hair-transplant\/","title":{"rendered":"Transplante Capilar"},"content":{"rendered":"<p>[vc_row][vc_column width=\u00bb1\/3&#8243; offset=\u00bbvc_hidden-sm vc_hidden-xs\u00bb]<ul class=\"dt-sc-vertical-nav \"><li><a href=\"#one\">Transplante Capilar<\/a><\/li><li><a href=\"#four\">Galer\u00eda<\/a><\/li><li><a href=\"#two\">\u00bfEs el trasplante capilar FUE la t\u00e9cnica adecuada para mi?<\/a><\/li><li><a href=\"#three\">Razones para elegir la T\u00e9cnica de Trasplante Capilar FUE con el Dr. Soltero, MD FACS<\/a><\/li><\/ul>[\/vc_column][vc_column width=\u00bb2\/3&#8243;][vc_row_inner el_id=\u00bbone\u00bb][vc_column_inner][vc_column_text el_class=\u00bbinherit\u00bb css=\u00bb.vc_custom_1534450981223{margin-top: 5px !important;}\u00bb]<\/p>\n<h3><strong>Transplante Capilar<\/strong><\/h3>\n<p>[vc_empty_space height=\u00bb5px\u00bb]<\/p>\n<p>El trasplante capilar con la T\u00e9cnica FUE (Follicular Unit Extration por sus siglas en ingl\u00e9s) es el trasplante de pelo menos invasivo que existe para tratar calvicies y alopecias. Esta t\u00e9cnica consiste en extraer, de manera individual, los fol\u00edculos de la zona posterior del cuero cabelludo (zona donante) e insertarlos en las zonas calvas o de escaso pelo.<\/p>\n<p>&nbsp;<\/p>\n<p>El Dr. Soltero practica la T\u00e9cnica de Trasplante Capilar FUE ya que es m\u00ednimamente invasiva y puede tratar tanto la calvicie masculina como femenina en mucho menos tiempo de intervenci\u00f3n comparada con otras t\u00e9cnicas de implantes capilares. La T\u00e9cnica FUE no esta considerada como una cirug\u00eda invasiva y ofrece menores riesgos o complicaciones. La T\u00e9cnica FUE es segura, c\u00f3moda, efectiva y accesible; no deja cicatriz lineal y el post-operatorio es mas corto.<\/p>\n<p>&nbsp;<\/p>\n<h3><strong>Candidatos<\/strong><\/h3>\n<p>[\/vc_column_text]<ul class='dt-sc-fancy-list   arrow'>\n<li>Pacientes con adecuada cantidad de pelo en la zona donante<\/li>\n<li>Pacientes con expectativas realistas sobre los resultados posibles<\/li>\n<\/ul>[vc_empty_space height=\u00bb20px\u00bb][vc_column_text]Nota: otros aspectos de importancia que pueden afectar la densidad aparente del pelo trasplantado pueden ser: el color, la forma (rulos o lacio) y el grosor. Dr. Soltero analizar\u00e1 estas caracter\u00edsticas durante la primera consulta.[\/vc_column_text][vc_empty_space height=\u00bb80px\u00bb][\/vc_column_inner][\/vc_row_inner][vc_row_inner][vc_column_inner offset=\u00bbvc_hidden-lg vc_hidden-md\u00bb][vc_column_text]<span style=\"color: blue; font-size: 14px; font-weight: bold;\">TOCAR SOBRE LA IMAGEN PARA VER RESULTADOS DE ANTES Y DESPU\u00c9S<\/span>[\/vc_column_text][\/vc_column_inner][\/vc_row_inner][vc_row_inner el_id=\u00bbfour\u00bb css=\u00bb.vc_custom_1510254714092{margin-top: 30px !important;}\u00bb][vc_column_inner][vc_column_text el_class=\u00bbinherit\u00bb css=\u00bb.vc_custom_1534451031990{margin-top: 5px !important;}\u00bb]<\/p>\n<h3><strong>Galer\u00eda de Fotos<\/strong><\/h3>\n<p>Caso 1<\/p>\n<div id=\"NeograftUno-69fa2357c90c2\" class=\"baslider-main\" style=\"width:700px; border: 0px solid #ffffff;\">\r\n\t\t<ul class=\"slides-NeograftUno-69fa2357c90c2\">\r\n\t\t\t\t\t<li class=\"baslideli\">\r\n\t\t\t\t<div class=\"beforeAfterSlidebar \">\r\n\t\t\t\t\t<div class=\"bottomImage\" >\r\n\t\t\t\t\t\t<img src=\"https:\/\/www.solteromd.com\/spanish\/wp-content\/uploads\/2017\/11\/neograft1.jpg\" alt=\"Before-Case 1\">\r\n\t\t\t\t\t<\/div>\r\n                    <div class=\"topImage\" style=\"border-left-color:#ffffff;-webkit-transition: 0ms;-moz-transition-duration: 0ms;-o-transition-duration: 0ms;-ms-transition-duration: 0ms;transition-duration: 0ms; \">\r\n\t\t\t\t\t\t<img class=\"topImg\" style=\"-webkit-transition: 0ms;-moz-transition-duration: 0ms;-o-transition-duration: 0ms;-ms-transition-duration: 0ms;transition-duration: 0ms;\" src=\"https:\/\/www.solteromd.com\/spanish\/wp-content\/uploads\/2017\/11\/neograft2.jpg\" alt=\"After-Case 1\">\r\n\t\t\t\t\t<\/div><h5 style=\"text-align:center;color:#ffffff !important;\"><span class=\"ba-before\" >Before<\/span><span class=\"ba-title\" style=\"font-size:13px; \">Case 1<\/span><span class=\"ba-after\" >After<\/span><\/h5><\/div>\r\n\t\t\t<\/li>\r\n\t\t\t\t\t\t<li class=\"baslideli\">\r\n\t\t\t\t<div class=\"beforeAfterSlidebar \">\r\n\t\t\t\t\t<div class=\"bottomImage\" >\r\n\t\t\t\t\t\t<img src=\"https:\/\/www.solteromd.com\/spanish\/wp-content\/uploads\/2017\/11\/Pre-op-4-edit.jpg\" alt=\"Before-Case 1\">\r\n\t\t\t\t\t<\/div>\r\n                    <div class=\"topImage\" style=\"border-left-color:#ffffff;-webkit-transition: 0ms;-moz-transition-duration: 0ms;-o-transition-duration: 0ms;-ms-transition-duration: 0ms;transition-duration: 0ms; \">\r\n\t\t\t\t\t\t<img class=\"topImg\" style=\"-webkit-transition: 0ms;-moz-transition-duration: 0ms;-o-transition-duration: 0ms;-ms-transition-duration: 0ms;transition-duration: 0ms;\" src=\"https:\/\/www.solteromd.com\/wp-content\/uploads\/2017\/11\/IMG_6790-edit.jpg\" alt=\"After-Case 1\">\r\n\t\t\t\t\t<\/div><h5 style=\"text-align:center;color:#ffffff !important;\"><span class=\"ba-before\" >Before<\/span><span class=\"ba-title\" style=\"font-size:13px; \">Case 1<\/span><span class=\"ba-after\" >After<\/span><\/h5><\/div>\r\n\t\t\t<\/li>\r\n\t\t\t\t\t<\/ul>\r\n\t<\/div>\r\n\t<div class=\"ba-outside\" style=\"width:700px;\">\r\n\t\t<span id=\"slider-next-NeograftUno-69fa2357c90c2\" class=\"slide-nex\"><\/span><span id=\"slider-prev-NeograftUno-69fa2357c90c2\" class=\"slide-pre\"><\/span>\r\n\t<\/div>\r\n\t<div style=\"clear:both\"><\/div>\r\n\t\t<script type=\"text\/javascript\">\r\n\t\tvar $mbas4 = jQuery.noConflict();\r\n\t\t\t\t\t\t\t\tvar bxslider_NeograftUno;\r\n                $mbas4(document).ready(function(){\r\n                        var NeograftUno_l = get_width('#NeograftUno-69fa2357c90c2');\r\n                        var NeograftUno_r = get_width('#NeograftUno-69fa2357c90c2');\r\n                        var NeograftUno_l = NeograftUno_l-2;\r\n                        var NeograftUno_r = NeograftUno_r;\r\n                        var NeograftUno_auto = false;\r\n                        var NeograftUno_delay = '5000';\r\n                        var NeograftUno_effect = 'fade';\r\n\t\t\t\t\t\tvar NeograftUno_pager = true;\r\n                    \treset_images('NeograftUno-69fa2357c90c2');\r\n                        bxslider_NeograftUno = start_slider('NeograftUno-69fa2357c90c2',NeograftUno_delay, NeograftUno_auto, NeograftUno_effect, NeograftUno_l, NeograftUno_r, NeograftUno_pager);\r\n                });\r\n                $mbas4(window).on(\"resize\", function(event){\r\n                    reset_images('NeograftUno-69fa2357c90c2');\r\n                });\r\n\t\t\t\t$mbas4( \".wpb_accordion .wpb_accordion_wrapper\" ).on( \"accordionactivate\", function( event, ui ) {\r\n\t\t\t\t\tbxslider_NeograftUno.redrawSlider();\r\n\t\t\t\t\treset_images('NeograftUno-69fa2357c90c2');\r\n\t\t\t\t} );\r\n\t\t\t\t$mbas4(document).on(\"ultAdvancedTabClicked\", function(){\r\n\t\t\t\t\tbxslider_NeograftUno.destroySlider();\r\n\t\t\t\t\tvar NeograftUno_l = get_width('#NeograftUno-69fa2357c90c2');\r\n\t\t\t\t\tvar NeograftUno_r = get_width('#NeograftUno-69fa2357c90c2');\r\n\t\t\t\t\tvar NeograftUno_l = NeograftUno_l-2;\r\n\t\t\t\t\tvar NeograftUno_r = NeograftUno_r;\r\n\t\t\t\t\tvar NeograftUno_auto = false;\r\n\t\t\t\t\tvar NeograftUno_delay = '5000';\r\n\t\t\t\t\tvar NeograftUno_effect = 'fade';\r\n\t\t\t\t\tvar NeograftUno_pager = true;\r\n\t\t\t\t\treset_images('NeograftUno-69fa2357c90c2');\r\n\t\t\t\t\tstart_slider('NeograftUno-69fa2357c90c2',NeograftUno_delay, NeograftUno_auto, NeograftUno_effect, NeograftUno_l, NeograftUno_r, NeograftUno_pager);\r\n\t\t\t\t});\r\n\t\t\t\t$mbas4(document).ajaxComplete(function(e, xhr, settings){\r\n\t\t\t\t\tvar NeograftUno_l = get_width('#NeograftUno-69fa2357c90c2');\r\n\t\t\t\t\tvar NeograftUno_r = get_width('#NeograftUno-69fa2357c90c2');\r\n\t\t\t\t\tvar NeograftUno_l = NeograftUno_l-2;\r\n\t\t\t\t\tvar NeograftUno_r = NeograftUno_r;\r\n\t\t\t\t\tvar NeograftUno_auto = false;\r\n\t\t\t\t\tvar NeograftUno_delay = '5000';\r\n\t\t\t\t\tvar NeograftUno_effect = 'fade';\r\n\t\t\t\t\tvar NeograftUno_pager = true;\r\n\t\t\t\t\treset_images('NeograftUno-69fa2357c90c2');\r\n\t\t\t\t\tstart_slider('NeograftUno-69fa2357c90c2',NeograftUno_delay, NeograftUno_auto, NeograftUno_effect, NeograftUno_l, NeograftUno_r, NeograftUno_pager);\r\n\t\t\t\t});\r\n        <\/script>\r\n\t[\/vc_column_text][vc_empty_space height=\u00bb48px\u00bb][\/vc_column_inner][\/vc_row_inner][vc_row_inner el_id=\u00bbtwo\u00bb css=\u00bb.vc_custom_1462774436952{margin-top: 60px !important;}\u00bb][vc_column_inner][vc_column_text el_class=\u00bbinherit\u00bb]<\/p>\n<h3><strong>\u00bfEs el trasplante capilar FUE la t\u00e9cnica adecuada para mi?<\/strong><\/h3>\n<p>Alguno de los factores que influyen para ser un buen candidato al injerto capilar son: la cantidad de injertos capilares necesarios para llegar al resultado deseado, la densidad en la zona donante, el color del pelo y de la piel, la textura y la potencial evoluci\u00f3n futura de la ca\u00edda del cabello.<\/p>\n<p>&nbsp;<\/p>\n<p>&nbsp;<\/p>\n<h3><strong>\u00bfComo funciona la T\u00e9cnica FUE?<\/strong><\/h3>\n<p><strong>Paso 1: Extracci\u00f3n de la zona donante.<\/strong><\/p>\n<p>La extracci\u00f3n se realiza de la zona donante, \u00e1rea gen\u00e9ticamente programada para resistir la calvicie al poseer receptores hormonales que no son afectados por la testosterona.<\/p>\n<p><strong>Paso 2: Disecci\u00f3n de las unidades foliculares<\/strong><\/p>\n<p>Cada injerto se extrae con la misma consistencia en di\u00e1metro y profundidad, lo cual incrementa dr\u00e1sticamente el \u00edndice de aceptaci\u00f3n al momento de ser injertado.<\/p>\n<p><strong>Paso 3: Preparaci\u00f3n e implantaci\u00f3n en la zona receptora<\/strong><\/p>\n<p>El Dr. Soltero crea los orificios destino, donde se van a injertar los fol\u00edculos, teniendo en cuenta el \u00e1ngulo de inserci\u00f3n, la direcci\u00f3n y orientaci\u00f3n del cabello natural del paciente; y siempre siguiendo el dise\u00f1o previamente planeado por el Dr. Soltero.<\/p>\n<p><strong>Paso 4: Implantaci\u00f3n de las unidades foliculares<\/strong><\/p>\n<p>Posterior a la extracci\u00f3n, las unidades foliculares son cuidadosamente separadas por tama\u00f1o. El Dr. Soltero, MD FACS trasplanta los injertos a las zonas mas despobladas o calvas del cuero cabelludo. Cada injerto es recolectado meticulosamente e implantado individualmente para garantizar el mejor resultado.<\/p>\n<p>&nbsp;<\/p>\n<p>&nbsp;<\/p>\n<p>&nbsp;<\/p>\n<h3><strong>FUE Vs. M\u00e9todo Tradicional de Tira (FUSS)<\/strong><\/h3>\n<p>La t\u00e9cnica FUE se diferencia del M\u00e9todo de Tira en la forma de extraer la unidad folicular. La T\u00e9cnica FUSS (Tira) consiste en una cirug\u00eda donde se extrae una tira de piel del cuero cabelludo para luego implantarla en las zonas calvas o despobladas. Es por ello que el Dr. Soltero, MD FACS elige la T\u00e9cnica FUE ya que los fol\u00edculos son extra\u00eddos uno por uno para luego redistribuirlos sistem\u00e1ticamente en las zonas destino; evitando as\u00ed cicatrices lineales y cualquier aglomeraci\u00f3n de pelo trasplantado.<\/p>\n<h3><\/h3>\n<p>[\/vc_column_text][vc_empty_space height=\u00bb48px\u00bb][\/vc_column_inner][\/vc_row_inner][vc_row_inner el_id=\u00bbthree\u00bb css=\u00bb.vc_custom_1462774503405{margin-top: 30px !important;}\u00bb][vc_column_inner][vc_column_text el_class=\u00bbinherit\u00bb css=\u00bb.vc_custom_1534451229913{margin-top: 8px !important;margin-bottom: 39px !important;}\u00bb]<\/p>\n<h3><strong>Razones para elegir la T\u00e9cnica de Trasplante Capilar FUE con el Dr. Soltero, MD FACS<\/strong><\/h3>\n<p>[\/vc_column_text]<ul class='dt-sc-fancy-list   arrow'>\n<li>Molestias m\u00ednimas<\/li>\n<li>No existen incisiones en el cuero cabelludo<\/li>\n<li>Es la t\u00e9cnica capilar menos invasiva en su clase<\/li>\n<li>Permite tratar zonas mas extensas en una sola sesi\u00f3n<\/li>\n<li>No existe puntos, suturas o cicatrices lineales<\/li>\n<li>Poco o ning\u00fan riesgo de complicaciones<\/li>\n<li>Pronta recuperaci\u00f3n<\/li>\n<li>Menos limitaciones post-operatorias<\/li>\n<li>Resultados mas naturales en comparaci\u00f3n con la T\u00e9cnica de Tira<\/li>\n<\/ul>[vc_empty_space height=\u00bb50px\u00bb][vc_column_text el_class=\u00bbinherit\u00bb css=\u00bb.vc_custom_1560525396917{margin-top: 5px !important;}\u00bb]<\/p>\n<h3><strong>Consulta inicial para el Trasplante Capilar en La Jolla, San Diego<\/strong><\/h3>\n<p>Una consulta personalizada y sin cargo en nuestra exclusiva oficina de La Jolla \/ San Diego es el primer paso a seguir si est\u00e1 considerando el <strong>Trasplante Capilar.<\/strong><\/p>\n<p>Durante la consulta, en nuestra cl\u00ednica de <strong>La Jolla \/ San Diego<\/strong>, el Dr. Soltero har\u00e1 la evaluaci\u00f3n adecuada y usted podr\u00e1 hablar mas extensamente sobre sus necesidades. El Dr. Soltero le mostrar\u00e1 varias fotos de antes y despu\u00e9s del <strong>Trasplante Capilar.<\/strong><\/p>\n<p>La <strong>T\u00e9cnica FUE<\/strong> se realiza bajo anestesia local.<\/p>\n<p>&nbsp;<\/p>\n<p>Si desea m\u00e1s informaci\u00f3n sobre el <strong>Trasplante Capilar<\/strong>, nos puede contactar por tel\u00e9fono, e-mail o tambi\u00e9n puede hacer una cita con el Dr. Soltero:<\/p>\n<p>4510 Executive Drive, Suite 105<\/p>\n<p>San Diego, CA 92121<\/p>\n<p>UTC\/La Jolla.<\/p>\n<p>(858) 457-8686[\/vc_column_text][vc_empty_space height=\u00bb48px\u00bb][\/vc_column_inner][\/vc_row_inner][\/vc_column][\/vc_row]<\/p>\n","protected":false},"excerpt":{"rendered":"<p>[vc_row][vc_column width=\u00bb1\/3&#8243; offset=\u00bbvc_hidden-sm vc_hidden-xs\u00bb][\/vc_column][vc_column width=\u00bb2\/3&#8243;][vc_row_inner el_id=\u00bbone\u00bb][vc_column_inner][vc_column_text el_class=\u00bbinherit\u00bb css=\u00bb.vc_custom_1534450981223{margin-top: 5px !important;}\u00bb] Transplante Capilar [vc_empty_space height=\u00bb5px\u00bb] El trasplante capilar con la T\u00e9cnica FUE (Follicular Unit Extration por sus siglas en ingl\u00e9s) es el trasplante de pelo menos invasivo que existe para tratar calvicies y alopecias. Esta t\u00e9cnica consiste en extraer, de manera individual, los fol\u00edculos de la [&hellip;]<\/p>\n","protected":false},"author":1,"featured_media":0,"parent":0,"menu_order":0,"comment_status":"closed","ping_status":"closed","template":"","meta":[],"_links":{"self":[{"href":"https:\/\/www.solteromd.com\/spanish\/wp-json\/wp\/v2\/pages\/461"}],"collection":[{"href":"https:\/\/www.solteromd.com\/spanish\/wp-json\/wp\/v2\/pages"}],"about":[{"href":"https:\/\/www.solteromd.com\/spanish\/wp-json\/wp\/v2\/types\/page"}],"author":[{"embeddable":true,"href":"https:\/\/www.solteromd.com\/spanish\/wp-json\/wp\/v2\/users\/1"}],"replies":[{"embeddable":true,"href":"https:\/\/www.solteromd.com\/spanish\/wp-json\/wp\/v2\/comments?post=461"}],"version-history":[{"count":20,"href":"https:\/\/www.solteromd.com\/spanish\/wp-json\/wp\/v2\/pages\/461\/revisions"}],"predecessor-version":[{"id":1618,"href":"https:\/\/www.solteromd.com\/spanish\/wp-json\/wp\/v2\/pages\/461\/revisions\/1618"}],"wp:attachment":[{"href":"https:\/\/www.solteromd.com\/spanish\/wp-json\/wp\/v2\/media?parent=461"}],"curies":[{"name":"wp","href":"https:\/\/api.w.org\/{rel}","templated":true}]}}