{"id":453,"date":"2017-11-01T15:15:26","date_gmt":"2017-11-01T15:15:26","guid":{"rendered":"http:\/\/www.solteromd.com\/?page_id=453"},"modified":"2019-06-14T15:06:49","modified_gmt":"2019-06-14T15:06:49","slug":"labiaplasty","status":"publish","type":"page","link":"https:\/\/www.solteromd.com\/spanish\/labiaplasty\/","title":{"rendered":"Labioplastia"},"content":{"rendered":"<p>[vc_row][vc_column width=\u00bb1\/3&#8243; offset=\u00bbvc_hidden-sm vc_hidden-xs\u00bb]<ul class=\"dt-sc-vertical-nav \"><li><a href=\"#one\">Labioplastia<\/a><\/li><li><a href=\"#two\">Tipos de Labioplastia<\/a><\/li><li><a href=\"#three\">Consulta inicial por Labioplastia<\/a><\/li><li><a href=\"#four\">Despu\u00e9s de la cirug\u00eda de Labioplastia<\/a><\/li><\/ul>[\/vc_column][vc_column width=\u00bb2\/3&#8243;][vc_row_inner el_id=\u00bbone\u00bb][vc_column_inner][vc_column_text el_class=\u00bbinherit\u00bb css=\u00bb.vc_custom_1534431941072{margin-top: 5px !important;}\u00bb]<\/p>\n<h3><strong>Labioplastia<\/strong><\/h3>\n<p>[vc_empty_space height=\u00bb5px\u00bb]<\/p>\n<p>La <strong>labioplastia<\/strong> (tambi\u00e9n conocida como <strong>Reducci\u00f3n de los Labios Menores<\/strong> o <strong>Ninfoplastia<\/strong>) es una cirug\u00eda est\u00e9tica para alterar o reducir el tama\u00f1o de los labios menores (interiores), los labios mayores (exteriores) y el exceso de piel que conforma el capuch\u00f3n del cl\u00edtoris o vulva; sin alterar el cl\u00edtoris mismo. La mayor\u00eda de las mujeres solicitan este tratamiento para reducir el tama\u00f1o de los genitales externos femeninos (muchas veces alternados despu\u00e9s de los partos), para terminar con la irritaci\u00f3n por lo roces y con el dolor o incomodidad al tener relaciones sexuales.<\/p>\n<p>&nbsp;<\/p>\n<h3><strong>Candidatos<\/strong><\/h3>\n<p>Mujeres que gocen de buena salud y afectadas por la apariencia de sus labios vaginales.<\/p>\n<p>Tal vez usted quiera considerar la <strong>Labioplastia<\/strong> si:[\/vc_column_text]<ul class='dt-sc-fancy-list   circle'>\n<li>Se siente incomoda al momento de usar ropa deportiva, ajustada o un bikini por miedo a que sobresalgan los labios vaginales<\/li>\n<li>Siente molestias o dolores al momento de tener relaciones sexuales<\/li>\n<li>Sufre de frecuentes irritaciones y\/o dolor por rozamiento de los labios agrandados<\/li>\n<\/ul>[\/vc_column_inner][\/vc_row_inner][vc_empty_space height=\u00bb48px\u00bb][vc_row_inner el_id=\u00bbtwo\u00bb css=\u00bb.vc_custom_1462774436952{margin-top: 60px !important;}\u00bb][vc_column_inner][vc_column_text el_class=\u00bbinherit\u00bb css=\u00bb.vc_custom_1534432431497{margin-top: 5px !important;}\u00bb]<\/p>\n<h3><strong>Tipos de Labioplastia<\/strong><\/h3>\n<p>[vc_empty_space height=\u00bb5px\u00bb]<\/p>\n<h3><strong>Reducci\u00f3n de Labios Menores<\/strong><\/h3>\n<p>Esta cirug\u00eda con lleva la reducci\u00f3n de los labios interiores y es, sin duda, el tipo de procedimiento mas realizado. Con esta cirug\u00eda se busca quitar el exceso de piel en los labios menores para que luzcan mas proporcionados al lado de los labios exteriores. El Dr. Soltero eliminara el excedente de tejido corrigiendo la forma hasta llegar a la apariencia y simetr\u00eda deseada. Tras la operaci\u00f3n se sutura la herida cuidadosamente. La posici\u00f3n de las cicatrices y la forma de extirpaci\u00f3n son realizadas con suma delicadeza para minimizar cualquier tipo de irritaci\u00f3n en el proceso de sanaci\u00f3n.<\/p>\n<p>&nbsp;<\/p>\n<h3><strong>Reducci\u00f3n de Labios Mayores<\/strong><\/h3>\n<p>Es la segunda cirug\u00eda vaginal, mas demandada por detr\u00e1s de la Reducci\u00f3n de los Labios Menores. Esta cirug\u00eda busca reducir el tama\u00f1o de los labios exteriores. Si bien este procedimiento se practica con mucha menos frecuencia, la operaci\u00f3n es muy parecida a la de los labios menores: se elimina el exceso de ambos labios seg\u00fan el tama\u00f1o y la forma deseada. La Reducci\u00f3n de los Labios Mayores tambi\u00e9n requiere puntos.<\/p>\n<p>&nbsp;<\/p>\n<h3><strong>Reducci\u00f3n de Capuch\u00f3n de Cl\u00edtoris<\/strong><\/h3>\n<p>El tejido que recubre el cl\u00edtoris es conocido como el capuch\u00f3n del cl\u00edtoris. Al remover la piel redundante, el cl\u00edtoris queda al descubierto beneficiando a aquellas mujeres que tienen dificultad para alcanzar el orgasmo. Este procedimiento se realiza con mucho cuidado para no extraer demasiado tejido y dejar el cl\u00edtoris totalmente desprotegido.<\/p>\n<p>&nbsp;<\/p>\n<h3><strong>Recuperaci\u00f3n de la Labioplastia<\/strong><\/h3>\n<div class=\"wpb_text_column wpb_content_element \">\n<div class=\"wpb_wrapper\">\n<p>La zona operada se sentir\u00e1 adolorida y sensible por los primeros d\u00edas. La hinchaz\u00f3n puede durar hasta una semana. Deber\u00e1 evitar actividades vigorosas hasta que la inflamaci\u00f3n haya bajado.<\/p>\n<\/div>\n<\/div>\n<p>[\/vc_column_text][vc_empty_space height=\u00bb48px\u00bb][\/vc_column_inner][\/vc_row_inner][vc_row_inner el_id=\u00bbthree\u00bb css=\u00bb.vc_custom_1462774503405{margin-top: 30px !important;}\u00bb][vc_column_inner][vc_column_text el_class=\u00bbinherit\u00bb css=\u00bb.vc_custom_1534432180563{margin-top: 5px !important;}\u00bb]<\/p>\n<h3><strong>Consulta inicial por Labioplastia en La Jolla San Diego<\/strong><\/h3>\n<p>Una consulta personalizada en nuestra exclusiva oficina de La Jolla \/ San Diego es el primer paso a seguir si est\u00e1 considerando la <strong>Labioplastia<\/strong><\/p>\n<p>Durante la consulta, en nuestra cl\u00ednica de <strong>La Jolla \/ San Diego<\/strong>, el Dr. Soltero har\u00e1 una evaluaci\u00f3n de su salud f\u00edsica y emocional; y se asegurar\u00e1 de que sus expectativas sean realistas. El Dr. Soltero se tomar\u00e1 el tiempo que sea necesario para contestar todas sus inquietudes ya que los resultados de una <strong>Labioplastia<\/strong> son irreversibles.<\/p>\n<p>La <strong>Labioplastia<\/strong> es llevada a cabo en nuestro centro de cirug\u00eda certificado ubicado en <strong>La Jolla \/ San Diego<\/strong>. Totalmente equipada con dos salas de cirug\u00eda acreditadas por la Asociaci\u00f3n Americana para la Acreditaci\u00f3n de Salas de Cirug\u00eda (AAAASF por sus siglas en ingl\u00e9s) nuestra cl\u00ednica se destaca por ser una de las m\u00e1s privadas y selectas del \u00e1rea <strong>La Jolla \/ San Diego<\/strong>. La anestesia es suministrada por anestesi\u00f3logo certificado.<\/p>\n<div class=\"wpb_text_column wpb_content_element \"><\/div>\n<p>[\/vc_column_text][vc_empty_space height=\u00bb48px\u00bb][\/vc_column_inner][\/vc_row_inner][vc_row_inner el_id=\u00bbfour\u00bb css=\u00bb.vc_custom_1462777191544{margin-bottom: 0px !important;}\u00bb][vc_column_inner][vc_column_text el_class=\u00bbinherit\u00bb]<\/p>\n<h3><strong>Luego de la cirug\u00eda de Labioplastia<\/strong><\/h3>\n<p>El d\u00eda despu\u00e9s de la cirug\u00eda, ambos labios (interiores y exteriores) estar\u00e1n inflamados. Se aconseja: no mojar la zona o los puntos por 24hs luego de la operaci\u00f3n, aplicar crema antibi\u00f3tica diariamente por un per\u00edodo de dos semanas y continuar con el uso de panties especiales hasta despu\u00e9s de la visita medica.<\/p>\n<p>El capuch\u00f3n del cl\u00edtoris podr\u00e1 verse abultado o hinchado aun cuando no se haya intervenido el \u00e1rea. Tras la operaci\u00f3n los labios se ver\u00e1n considerablemente inflamados y en algunos casos pueden lucir peor que antes. Esto se resolver\u00e1 en el corto plazo. La aplicaci\u00f3n de compresas fr\u00edas sobre la zona ayuda a disminuir la inflamaci\u00f3n y a aliviar el dolor. Aseg\u00farese de tomar los analg\u00e9sicos seg\u00fan las indicaciones del Dr. Soltero. A los seis o siete d\u00edas post-operatorios la inflamaci\u00f3n y el dolor habr\u00e1n mejorado levemente. Sin embargo, una marcada mejor\u00eda se ver\u00e1 a las dos semanas: la inflamaci\u00f3n se habr\u00e1 diluido casi por completo y el dolor ser\u00e1 casi imperceptible. Se recomienda no usar ropa ajustada por las molestias que pudiera causar. Deber\u00e1 seguir usando ropa ligera y amplia hasta que las molestias hayan cesado.<\/p>\n<p>Otro tipo de actividades se podr\u00e1n reasumir una vez que se sienta lista. El proceso de recuperaci\u00f3n durara al menos dos meses.<\/p>\n<p>&nbsp;<\/p>\n<h3><strong>Algunos consejos pre y post-operatorios de la Labioplastia<\/strong><\/h3>\n<p>[\/vc_column_text]<ul class='dt-sc-fancy-list   arrow'>\n<li>No tome aspirina, Ibuprofeno, Vitamina E, medicamentos para perder peso o hierbas chinas por 2 semanas antes de la cirug\u00eda. Una lista complete le ser\u00e1 otorgada en el pre-operatorioArrange for an adult to drive you to and from your surgery.<\/li>\n<li>Haga planes para que un adulto lo lleve y lo recoja de la cl\u00ednica el d\u00eda de la cirug\u00eda. No puede tomar un taxi a su casa. Aseg\u00farese de tener un adulto que lo cuide al menos por 24horas despu\u00e9s de la Labioplastia<\/li>\n<li>Puede manejar cuando su vista vuelva a su estado normal y no est\u00e9 tomando medicinas para el dolor<\/li>\n<li>No levante nada pesado, ni haga ejercicios por lo menos por 2 semanas<\/li>\n<\/ul>[vc_empty_space height=\u00bb20px\u00bb][vc_column_text]Recomendaciones m\u00e1s espec\u00edficas le ser\u00e1n dadas cuando visite nuestra cl\u00ednica en <strong>La Jolla\/San Diego.<\/strong><\/p>\n<p>Si desea m\u00e1s informaci\u00f3n sobre la <strong>Labioplastia<\/strong>, nos puede contactar por tel\u00e9fono, e-mail o tambi\u00e9n puede hacer una cita con el Dr. Soltero:<\/p>\n<p>4510 Executive Drive, Suite 105<\/p>\n<p>San Diego, CA 92121<\/p>\n<p>UTC\/La Jolla.<\/p>\n<p>(858) 457-8686[\/vc_column_text][vc_empty_space height=\u00bb45px\u00bb][\/vc_column_inner][\/vc_row_inner][\/vc_column][\/vc_row]<\/p>\n","protected":false},"excerpt":{"rendered":"<p>[vc_row][vc_column width=\u00bb1\/3&#8243; offset=\u00bbvc_hidden-sm vc_hidden-xs\u00bb][\/vc_column][vc_column width=\u00bb2\/3&#8243;][vc_row_inner el_id=\u00bbone\u00bb][vc_column_inner][vc_column_text el_class=\u00bbinherit\u00bb css=\u00bb.vc_custom_1534431941072{margin-top: 5px !important;}\u00bb] Labioplastia [vc_empty_space height=\u00bb5px\u00bb] La labioplastia (tambi\u00e9n conocida como Reducci\u00f3n de los Labios Menores o Ninfoplastia) es una cirug\u00eda est\u00e9tica para alterar o reducir el tama\u00f1o de los labios menores (interiores), los labios mayores (exteriores) y el exceso de piel que conforma el capuch\u00f3n del cl\u00edtoris [&hellip;]<\/p>\n","protected":false},"author":1,"featured_media":0,"parent":0,"menu_order":0,"comment_status":"closed","ping_status":"closed","template":"","meta":[],"_links":{"self":[{"href":"https:\/\/www.solteromd.com\/spanish\/wp-json\/wp\/v2\/pages\/453"}],"collection":[{"href":"https:\/\/www.solteromd.com\/spanish\/wp-json\/wp\/v2\/pages"}],"about":[{"href":"https:\/\/www.solteromd.com\/spanish\/wp-json\/wp\/v2\/types\/page"}],"author":[{"embeddable":true,"href":"https:\/\/www.solteromd.com\/spanish\/wp-json\/wp\/v2\/users\/1"}],"replies":[{"embeddable":true,"href":"https:\/\/www.solteromd.com\/spanish\/wp-json\/wp\/v2\/comments?post=453"}],"version-history":[{"count":18,"href":"https:\/\/www.solteromd.com\/spanish\/wp-json\/wp\/v2\/pages\/453\/revisions"}],"predecessor-version":[{"id":1615,"href":"https:\/\/www.solteromd.com\/spanish\/wp-json\/wp\/v2\/pages\/453\/revisions\/1615"}],"wp:attachment":[{"href":"https:\/\/www.solteromd.com\/spanish\/wp-json\/wp\/v2\/media?parent=453"}],"curies":[{"name":"wp","href":"https:\/\/api.w.org\/{rel}","templated":true}]}}