{"id":365,"date":"2017-10-25T15:31:03","date_gmt":"2017-10-25T15:31:03","guid":{"rendered":"http:\/\/www.solteromd.com\/?page_id=365"},"modified":"2019-06-14T15:54:03","modified_gmt":"2019-06-14T15:54:03","slug":"thigh-lift","status":"publish","type":"page","link":"https:\/\/www.solteromd.com\/spanish\/thigh-lift\/","title":{"rendered":"Levantamiento de Muslos"},"content":{"rendered":"<p>[vc_row][vc_column width=\u00bb1\/3&#8243; offset=\u00bbvc_hidden-sm vc_hidden-xs\u00bb]<ul class=\"dt-sc-vertical-nav \"><li><a href=\"#one\">Levantamiento de Muslos<\/a><\/li><li><a href=\"#four\">Galer\u00eda<\/a><\/li><li><a href=\"#two\">La Cirug\u00eda de Levantamiento de Muslos<\/a><\/li><li><a href=\"#three\">Luego de la Cirug\u00eda de Levantamiento de Muslos<\/a><\/li><\/ul>[\/vc_column][vc_column width=\u00bb2\/3&#8243;][vc_row_inner el_id=\u00bbone\u00bb][vc_column_inner][vc_column_text el_class=\u00bbinherit\u00bb css=\u00bb.vc_custom_1534521617528{margin-top: 5px !important;}\u00bb]<\/p>\n<h3><strong>Levantamiento de Muslos o Lifting de Muslos<\/strong><\/h3>\n<p>[vc_empty_space height=\u00bb5px\u00bb]<\/p>\n<p>El Lifting de Muslos o Musloplastia es un procedimiento que se realiza para extraer el exceso de piel en la cara interna o externa de los mismos devolvi\u00e9ndole firmeza a la piel. Esta cirug\u00eda se puede realizar sola o combinarse con otras operaciones de contorno corporal para potenciar resultados m\u00e1s visibles.<\/p>\n<p>El Lifting de los Muslos est\u00e1 indicado tanto para mujeres como para hombres que presenten flacidez en los muslos. Debido al efecto de la gravedad, los cambios hormonales, la perdida de elasticidad en la piel, el exceso de peso, el envejecimiento o la combinaci\u00f3n de cualquiera de estos factores; los muslos sufren importantes alteraciones haciendo que el paciente se sienta inseguro o avergonzado.<\/p>\n<p>Sin embargo, la mayor\u00eda de las operaciones de cuerpo inferior se practican en pacientes previamente obesos. Debido a su tama\u00f1o, y posterior a una importante baja de peso se hace necesario quitar el exceso de piel fl\u00e1cida. Esta deformidad solo puede corregirse efectivamente a trav\u00e9s de cirug\u00eda pl\u00e1stica.<\/p>\n<p>&nbsp;<\/p>\n<p><strong>Si est\u00e1 considerando la cirug\u00eda del Levantamiento de Muslos, cualquiera de estas razones lo convertir\u00e1 en un buen candidato\/a<\/strong>:[\/vc_column_text]<ul class='dt-sc-fancy-list   arrow'>\n<li>Sus expectativas sobre el Lifting de Muslos son realistas y posee un completo entendimiento de que los resultados del <strong>Levantamiento de Muslos<\/strong> no necesariamente se ajustar\u00e1n a sus ideales de autoimagen.<\/li>\n<li>Goza de buena salud, se encuentra emocionalmente estable y no posee ninguna condici\u00f3n m\u00e9dica preexistente.<\/li>\n<li>Siente que sus muslos interiores est\u00e1n muy fl\u00e1cidos y ca\u00eddos; o se siente inc\u00f3moda al usar shorts y\/o trajes de ba\u00f1o.<\/li>\n<li>Ha perdido una importante cantidad de peso, ya sea por haberse sometido a una cirug\u00eda bari\u00e1trica o a cualquier otro m\u00e9todo tradicional para bajar de peso, y como consecuencia tiene una considerable cantidad de flacidez cut\u00e1nea.<\/li>\n<\/ul>[vc_empty_space height=\u00bb48px\u00bb][vc_column_text el_class=\u00bbinherit\u00bb css=\u00bb.vc_custom_1534521661124{margin-top: 5px !important;}\u00bb]<\/p>\n<h3><strong>Consulta inicial para el Lifting o Levantamiento de Muslos en La Jolla, San Diego<\/strong><\/h3>\n<p>[vc_empty_space height=\u00bb5px\u00bb]<\/p>\n<p>Una consulta personalizada en nuestra exclusiva oficina de La Jolla \/ San Diego es el primer paso a seguir si est\u00e1 considerando el <strong>Lifting o Levantamiento de Muslos<\/strong>.<\/p>\n<p>Durante la consulta, en nuestra cl\u00ednica de <strong>La Jolla \/ San Diego<\/strong>, el Dr. Soltero har\u00e1 una evaluaci\u00f3n de su salud f\u00edsica y emocional; y se asegurar\u00e1 de que sus expectativas sean realistas en cuanto al <strong>Lifting o Levantamiento de Muslos<\/strong>. Tambi\u00e9n examinar\u00e1 la calidad y la elasticidad de los tejidos cut\u00e1neos junto con su tonicidad.<\/p>\n<p>En nuestra cl\u00ednica de la <strong>La Jolla \/ San Diego<\/strong>, el Dr. Soltero le mostrar\u00e1 varias fotos de antes y despu\u00e9s del <strong>Lifting o Levantamiento de Muslos.<\/strong>[\/vc_column_text][vc_empty_space height=\u00bb48px\u00bb][\/vc_column_inner][\/vc_row_inner][vc_row_inner css=\u00bb.vc_custom_1517243677691{margin-bottom: -60px !important;}\u00bb][vc_column_inner offset=\u00bbvc_hidden-lg vc_hidden-md\u00bb][vc_column_text]<span style=\"color: blue; font-size: 14px; font-weight: bold;\">TOCAR SOBRE LA IMAGEN PARA VER RESULTADOS DE ANTES Y DESPU\u00c9S<\/span>[\/vc_column_text][\/vc_column_inner][\/vc_row_inner][vc_row_inner el_id=\u00bbfour\u00bb css=\u00bb.vc_custom_1513363925659{margin-top: 60px !important;}\u00bb][vc_column_inner][vc_column_text el_class=\u00bbinherit\u00bb]<\/p>\n<h3><strong>Galer\u00eda de Fotos<\/strong><\/h3>\n<p>[\/vc_column_text][vc_column_text el_class=\u00bbinherit\u00bb]CASO 1<\/p>\n\t<div id=\"thighliftUno-69fa238f3af49\" class=\"baslider-main\" style=\"width:700px; border: 0px solid #ffffff;\">\r\n\t\t<ul class=\"slides-thighliftUno-69fa238f3af49\">\r\n\t\t\t\t\t<li class=\"baslideli\">\r\n\t\t\t\t<div class=\"beforeAfterSlidebar \">\r\n\t\t\t\t\t<div class=\"bottomImage\" >\r\n\t\t\t\t\t\t<img src=\"https:\/\/www.solteromd.com\/spanish\/wp-content\/uploads\/2017\/12\/thigh_2.jpg\" alt=\"Before-Case 1\">\r\n\t\t\t\t\t<\/div>\r\n                    <div class=\"topImage\" style=\"border-left-color:#ffffff;-webkit-transition: 0ms;-moz-transition-duration: 0ms;-o-transition-duration: 0ms;-ms-transition-duration: 0ms;transition-duration: 0ms; \">\r\n\t\t\t\t\t\t<img class=\"topImg\" style=\"-webkit-transition: 0ms;-moz-transition-duration: 0ms;-o-transition-duration: 0ms;-ms-transition-duration: 0ms;transition-duration: 0ms;\" src=\"https:\/\/www.solteromd.com\/spanish\/wp-content\/uploads\/2017\/12\/thigh_17.jpg\" alt=\"After-Case 1\">\r\n\t\t\t\t\t<\/div><h5 style=\"text-align:center;color:#ffffff !important;\"><span class=\"ba-before\" >Before<\/span><span class=\"ba-title\" style=\"font-size:13px; \">Case 1<\/span><span class=\"ba-after\" >After<\/span><\/h5><\/div>\r\n\t\t\t<\/li>\r\n\t\t\t\t\t\t<li class=\"baslideli\">\r\n\t\t\t\t<div class=\"beforeAfterSlidebar \">\r\n\t\t\t\t\t<div class=\"bottomImage\" >\r\n\t\t\t\t\t\t<img src=\"https:\/\/www.solteromd.com\/spanish\/wp-content\/uploads\/2017\/12\/thigh_7.jpg\" alt=\"Before-Case 1\">\r\n\t\t\t\t\t<\/div>\r\n                    <div class=\"topImage\" style=\"border-left-color:#ffffff;-webkit-transition: 0ms;-moz-transition-duration: 0ms;-o-transition-duration: 0ms;-ms-transition-duration: 0ms;transition-duration: 0ms; \">\r\n\t\t\t\t\t\t<img class=\"topImg\" style=\"-webkit-transition: 0ms;-moz-transition-duration: 0ms;-o-transition-duration: 0ms;-ms-transition-duration: 0ms;transition-duration: 0ms;\" src=\"https:\/\/www.solteromd.com\/spanish\/wp-content\/uploads\/2017\/12\/thigh_7-1.jpg\" alt=\"After-Case 1\">\r\n\t\t\t\t\t<\/div><h5 style=\"text-align:center;color:#ffffff !important;\"><span class=\"ba-before\" >Before<\/span><span class=\"ba-title\" style=\"font-size:13px; \">Case 1<\/span><span class=\"ba-after\" >After<\/span><\/h5><\/div>\r\n\t\t\t<\/li>\r\n\t\t\t\t\t<\/ul>\r\n\t<\/div>\r\n\t<div class=\"ba-outside\" style=\"width:700px;\">\r\n\t\t<span id=\"slider-next-thighliftUno-69fa238f3af49\" class=\"slide-nex\"><\/span><span id=\"slider-prev-thighliftUno-69fa238f3af49\" class=\"slide-pre\"><\/span>\r\n\t<\/div>\r\n\t<div style=\"clear:both\"><\/div>\r\n\t\t<script type=\"text\/javascript\">\r\n\t\tvar $mbas4 = jQuery.noConflict();\r\n\t\t\t\t\t\t\t\tvar bxslider_thighliftUno;\r\n                $mbas4(document).ready(function(){\r\n                        var thighliftUno_l = get_width('#thighliftUno-69fa238f3af49');\r\n                        var thighliftUno_r = get_width('#thighliftUno-69fa238f3af49');\r\n                        var thighliftUno_l = thighliftUno_l-2;\r\n                        var thighliftUno_r = thighliftUno_r;\r\n                        var thighliftUno_auto = false;\r\n                        var thighliftUno_delay = '5000';\r\n                        var thighliftUno_effect = 'fade';\r\n\t\t\t\t\t\tvar thighliftUno_pager = true;\r\n                    \treset_images('thighliftUno-69fa238f3af49');\r\n                        bxslider_thighliftUno = start_slider('thighliftUno-69fa238f3af49',thighliftUno_delay, thighliftUno_auto, thighliftUno_effect, thighliftUno_l, thighliftUno_r, thighliftUno_pager);\r\n                });\r\n                $mbas4(window).on(\"resize\", function(event){\r\n                    reset_images('thighliftUno-69fa238f3af49');\r\n                });\r\n\t\t\t\t$mbas4( \".wpb_accordion .wpb_accordion_wrapper\" ).on( \"accordionactivate\", function( event, ui ) {\r\n\t\t\t\t\tbxslider_thighliftUno.redrawSlider();\r\n\t\t\t\t\treset_images('thighliftUno-69fa238f3af49');\r\n\t\t\t\t} );\r\n\t\t\t\t$mbas4(document).on(\"ultAdvancedTabClicked\", function(){\r\n\t\t\t\t\tbxslider_thighliftUno.destroySlider();\r\n\t\t\t\t\tvar thighliftUno_l = get_width('#thighliftUno-69fa238f3af49');\r\n\t\t\t\t\tvar thighliftUno_r = get_width('#thighliftUno-69fa238f3af49');\r\n\t\t\t\t\tvar thighliftUno_l = thighliftUno_l-2;\r\n\t\t\t\t\tvar thighliftUno_r = thighliftUno_r;\r\n\t\t\t\t\tvar thighliftUno_auto = false;\r\n\t\t\t\t\tvar thighliftUno_delay = '5000';\r\n\t\t\t\t\tvar thighliftUno_effect = 'fade';\r\n\t\t\t\t\tvar thighliftUno_pager = true;\r\n\t\t\t\t\treset_images('thighliftUno-69fa238f3af49');\r\n\t\t\t\t\tstart_slider('thighliftUno-69fa238f3af49',thighliftUno_delay, thighliftUno_auto, thighliftUno_effect, thighliftUno_l, thighliftUno_r, thighliftUno_pager);\r\n\t\t\t\t});\r\n\t\t\t\t$mbas4(document).ajaxComplete(function(e, xhr, settings){\r\n\t\t\t\t\tvar thighliftUno_l = get_width('#thighliftUno-69fa238f3af49');\r\n\t\t\t\t\tvar thighliftUno_r = get_width('#thighliftUno-69fa238f3af49');\r\n\t\t\t\t\tvar thighliftUno_l = thighliftUno_l-2;\r\n\t\t\t\t\tvar thighliftUno_r = thighliftUno_r;\r\n\t\t\t\t\tvar thighliftUno_auto = false;\r\n\t\t\t\t\tvar thighliftUno_delay = '5000';\r\n\t\t\t\t\tvar thighliftUno_effect = 'fade';\r\n\t\t\t\t\tvar thighliftUno_pager = true;\r\n\t\t\t\t\treset_images('thighliftUno-69fa238f3af49');\r\n\t\t\t\t\tstart_slider('thighliftUno-69fa238f3af49',thighliftUno_delay, thighliftUno_auto, thighliftUno_effect, thighliftUno_l, thighliftUno_r, thighliftUno_pager);\r\n\t\t\t\t});\r\n        <\/script>\r\n\t\n<p>&nbsp;<\/p>\n<p>CASO 2<\/p>\n<div id=\"thighliftDos-69fa238f3c81e\" class=\"baslider-main\" style=\"width:700px; border: 0px solid #ffffff;\">\r\n\t\t<ul class=\"slides-thighliftDos-69fa238f3c81e\">\r\n\t\t\t\t\t<li class=\"baslideli\">\r\n\t\t\t\t<div class=\"beforeAfterSlidebar \">\r\n\t\t\t\t\t<div class=\"bottomImage\" >\r\n\t\t\t\t\t\t<img src=\"https:\/\/www.solteromd.com\/spanish\/wp-content\/uploads\/2017\/12\/thigh_Pre-Op-1-1.jpg\" alt=\"Before-Case 2\">\r\n\t\t\t\t\t<\/div>\r\n                    <div class=\"topImage\" style=\"border-left-color:#ffffff;-webkit-transition: 0ms;-moz-transition-duration: 0ms;-o-transition-duration: 0ms;-ms-transition-duration: 0ms;transition-duration: 0ms; \">\r\n\t\t\t\t\t\t<img class=\"topImg\" style=\"-webkit-transition: 0ms;-moz-transition-duration: 0ms;-o-transition-duration: 0ms;-ms-transition-duration: 0ms;transition-duration: 0ms;\" src=\"https:\/\/www.solteromd.com\/spanish\/wp-content\/uploads\/2017\/12\/thigh_1a-1.jpg\" alt=\"After-Case 2\">\r\n\t\t\t\t\t<\/div><h5 style=\"text-align:center;color:#ffffff !important;\"><span class=\"ba-before\" >Before<\/span><span class=\"ba-title\" style=\"font-size:13px; \">Case 2<\/span><span class=\"ba-after\" >After<\/span><\/h5><\/div>\r\n\t\t\t<\/li>\r\n\t\t\t\t\t<\/ul>\r\n\t<\/div>\r\n\t<div class=\"ba-outside\" style=\"width:700px;\">\r\n\t\t<span id=\"slider-next-thighliftDos-69fa238f3c81e\" class=\"slide-nex\"><\/span><span id=\"slider-prev-thighliftDos-69fa238f3c81e\" class=\"slide-pre\"><\/span>\r\n\t<\/div>\r\n\t<div style=\"clear:both\"><\/div>\r\n\t\t<script type=\"text\/javascript\">\r\n\t\tvar $mbas4 = jQuery.noConflict();\r\n\t\t\t\t\t\t\t\tvar bxslider_thighliftDos;\r\n                $mbas4(document).ready(function(){\r\n                        var thighliftDos_l = get_width('#thighliftDos-69fa238f3c81e');\r\n                        var thighliftDos_r = get_width('#thighliftDos-69fa238f3c81e');\r\n                        var thighliftDos_l = thighliftDos_l-2;\r\n                        var thighliftDos_r = thighliftDos_r;\r\n                        var thighliftDos_auto = false;\r\n                        var thighliftDos_delay = '5000';\r\n                        var thighliftDos_effect = 'fade';\r\n\t\t\t\t\t\tvar thighliftDos_pager = true;\r\n                    \treset_images('thighliftDos-69fa238f3c81e');\r\n                        bxslider_thighliftDos = start_slider('thighliftDos-69fa238f3c81e',thighliftDos_delay, thighliftDos_auto, thighliftDos_effect, thighliftDos_l, thighliftDos_r, thighliftDos_pager);\r\n                });\r\n                $mbas4(window).on(\"resize\", function(event){\r\n                    reset_images('thighliftDos-69fa238f3c81e');\r\n                });\r\n\t\t\t\t$mbas4( \".wpb_accordion .wpb_accordion_wrapper\" ).on( \"accordionactivate\", function( event, ui ) {\r\n\t\t\t\t\tbxslider_thighliftDos.redrawSlider();\r\n\t\t\t\t\treset_images('thighliftDos-69fa238f3c81e');\r\n\t\t\t\t} );\r\n\t\t\t\t$mbas4(document).on(\"ultAdvancedTabClicked\", function(){\r\n\t\t\t\t\tbxslider_thighliftDos.destroySlider();\r\n\t\t\t\t\tvar thighliftDos_l = get_width('#thighliftDos-69fa238f3c81e');\r\n\t\t\t\t\tvar thighliftDos_r = get_width('#thighliftDos-69fa238f3c81e');\r\n\t\t\t\t\tvar thighliftDos_l = thighliftDos_l-2;\r\n\t\t\t\t\tvar thighliftDos_r = thighliftDos_r;\r\n\t\t\t\t\tvar thighliftDos_auto = false;\r\n\t\t\t\t\tvar thighliftDos_delay = '5000';\r\n\t\t\t\t\tvar thighliftDos_effect = 'fade';\r\n\t\t\t\t\tvar thighliftDos_pager = true;\r\n\t\t\t\t\treset_images('thighliftDos-69fa238f3c81e');\r\n\t\t\t\t\tstart_slider('thighliftDos-69fa238f3c81e',thighliftDos_delay, thighliftDos_auto, thighliftDos_effect, thighliftDos_l, thighliftDos_r, thighliftDos_pager);\r\n\t\t\t\t});\r\n\t\t\t\t$mbas4(document).ajaxComplete(function(e, xhr, settings){\r\n\t\t\t\t\tvar thighliftDos_l = get_width('#thighliftDos-69fa238f3c81e');\r\n\t\t\t\t\tvar thighliftDos_r = get_width('#thighliftDos-69fa238f3c81e');\r\n\t\t\t\t\tvar thighliftDos_l = thighliftDos_l-2;\r\n\t\t\t\t\tvar thighliftDos_r = thighliftDos_r;\r\n\t\t\t\t\tvar thighliftDos_auto = false;\r\n\t\t\t\t\tvar thighliftDos_delay = '5000';\r\n\t\t\t\t\tvar thighliftDos_effect = 'fade';\r\n\t\t\t\t\tvar thighliftDos_pager = true;\r\n\t\t\t\t\treset_images('thighliftDos-69fa238f3c81e');\r\n\t\t\t\t\tstart_slider('thighliftDos-69fa238f3c81e',thighliftDos_delay, thighliftDos_auto, thighliftDos_effect, thighliftDos_l, thighliftDos_r, thighliftDos_pager);\r\n\t\t\t\t});\r\n        <\/script>\r\n\t[\/vc_column_text][vc_empty_space height=\u00bb48px\u00bb][\/vc_column_inner][\/vc_row_inner][vc_row_inner el_id=\u00bbtwo\u00bb css=\u00bb.vc_custom_1462774436952{margin-top: 60px !important;}\u00bb][vc_column_inner][vc_column_text el_class=\u00bbinherit\u00bb]<\/p>\n<h3><strong>La Cirug\u00eda del Levantamiento de Muslos<\/strong><\/h3>\n<p>Debido a la magnitud de la cirug\u00eda del <strong>Levantamiento de Muslos<\/strong>, la intervenci\u00f3n se realiza bajo anestesia general; esto significa que el paciente estar\u00e1 dormido (sin sensaciones, sentimientos de dolor o conciencia de la cirug\u00eda) durante todo el proceso. Cabe destacar que la anestesia es suministrada por un anestesi\u00f3logo certificado.<\/p>\n<p>El tiempo de intervenci\u00f3n depender\u00e1 de cuan severo sea cada caso, pero generalmente tarda entre dos y cuatro horas. El grado de flacidez o descolgamiento del tejido cut\u00e1neo dictar\u00e1 la cantidad y el tipo de incisiones a realizar por el Dr. Soltero. Se utilizar\u00e1n puntos de sutura profunda para asegurar la piel junto con los ligamentos y los huesos, previniendo el descolgamiento mientras las cicatrices sanan.<\/p>\n<p>El <strong>Levantamiento de Muslos<\/strong> es llevado a cabo en nuestro centro de cirug\u00eda certificado ubicado en <strong>La Jolla \/ San Diego<\/strong>. Totalmente equipada con dos salas de cirug\u00eda acreditadas por la Asociaci\u00f3n Americana para la Acreditaci\u00f3n de Salas de Cirug\u00eda (AAAASF por sus siglas en ingl\u00e9s) nuestra cl\u00ednica se destaca por ser una de las m\u00e1s privadas y selectas del \u00e1rea <strong>La Jolla \/ San Diego.<\/strong>[\/vc_column_text][vc_empty_space height=\u00bb48px\u00bb][\/vc_column_inner][\/vc_row_inner][vc_row_inner el_id=\u00bbthree\u00bb css=\u00bb.vc_custom_1462774503405{margin-top: 30px !important;}\u00bb][vc_column_inner][vc_column_text el_class=\u00bbinherit\u00bb css=\u00bb.vc_custom_1534521799073{margin-top: 8px !important;margin-bottom: 39px !important;}\u00bb]<\/p>\n<h3><strong>Postoperatorio del Lifting de Muslos<\/strong><\/h3>\n<p>Despu\u00e9s de la cirug\u00eda del <strong>Levantamiento de Muslos<\/strong> es muy probable que se sienta cansada y adolorida por varios d\u00edas. Podr\u00e1 hacer vida normal dentro de los primeros dos d\u00edas, pero tendr\u00e1 que evitar agacharse o hacer esfuerzos para no someter a tensi\u00f3n las suturas o puntos. La reincorporaci\u00f3n a la vida laboral luego del <strong>Levantamiento de Muslos<\/strong> se realiza en dos semanas y de cuatro a seis semanas para hacer ejercicio f\u00edsico.<\/p>\n<p>La mejor\u00eda en el contorno de las piernas es inmediata despu\u00e9s del <strong>Levantamiento de Muslos, <\/strong>no obstante, esta se har\u00e1 mas evidente a medida que la hinchaz\u00f3n vaya disminuyendo. Los pliegues y la flacidez de la piel habr\u00e1n desaparecido y sus piernas lucir\u00e1n mas firmes y posiblemente mas tersas. Sin embargo, el resultado final no ver\u00e1 hasta pasados varios meses despu\u00e9s de la operaci\u00f3n. Las cicatrices son permanentes y parecer\u00e1 que empeoran luego de algunos meses, pero se ir\u00e1n atenuando progresivamente hasta hacerse poco visibles con el tiempo.<\/p>\n<p>&nbsp;<\/p>\n<p>&nbsp;<\/p>\n<h3><strong>Algunos consejos pre y post-operatorios del Levantamiento de Muslos.<\/strong><\/h3>\n<h3><\/h3>\n<p>[\/vc_column_text]<ul class='dt-sc-fancy-list   arrow'>\n<li>No tome aspirina, Ibuprofeno, Vitamina E, medicamentos para perder peso o hierbas chinas por 2 semanas antes de la cirug\u00eda. Una lista complete le ser\u00e1 otorgada en el pre-operatorio<\/li>\n<li>No fume al menos 4 semanas antes de la cirug\u00eda<\/li>\n<li>Haga planes para que un adulto lo lleve y lo recoja de la cl\u00ednica el d\u00eda de la cirug\u00eda. No puede tomar un taxi a su casa. Aseg\u00farese de tener un adulto que lo cuide al menos por 24horas despu\u00e9s del <strong>Lifting de Muslos<\/strong><\/li>\n<li>Luego de que le quiten el primer vendaje deber\u00e1 llevar una faja de compresi\u00f3n noche y d\u00eda para mantener y sostener los tejidos en su sitio<\/li>\n<li>Puede manejar cuando su vista vuelva a su estado normal y no est\u00e9 tomando medicinas para el dolor<\/li>\n<li>Todas las actividades normales se pueden reanudar despu\u00e9s de 6 semanas de la operaci\u00f3n del <strong>Levantamiento de Muslos<\/strong><\/li>\n<\/ul>[vc_empty_space height=\u00bb20px\u00bb][vc_column_text]Recomendaciones m\u00e1s espec\u00edficas le ser\u00e1n dadas cuando visite nuestra cl\u00ednica en <strong>La Jolla\/San Diego.<\/strong><\/p>\n<p>Si desea m\u00e1s informaci\u00f3n sobre el <strong>Levantamiento de Muslos<\/strong>, nos puede contactar por tel\u00e9fono, e-mail o tambi\u00e9n puede hacer una cita con el Dr. Soltero:<\/p>\n<p>4510 Executive Drive, Suite 105<\/p>\n<p>San Diego, CA 92121<\/p>\n<p>UTC\/La Jolla.<\/p>\n<p>&nbsp;<\/p>\n<p>Por favor <a href=\"https:\/\/www.solteromd.com\/spanish\/financing\/\"><strong>presione aqu\u00ed<\/strong><\/a> para ver los precios estimados del <strong>Levantamiento de Muslos<\/strong><strong>.<\/strong>[\/vc_column_text][vc_empty_space height=\u00bb48px\u00bb][\/vc_column_inner][\/vc_row_inner][\/vc_column][\/vc_row]<\/p>\n","protected":false},"excerpt":{"rendered":"<p>[vc_row][vc_column width=\u00bb1\/3&#8243; offset=\u00bbvc_hidden-sm vc_hidden-xs\u00bb][\/vc_column][vc_column width=\u00bb2\/3&#8243;][vc_row_inner el_id=\u00bbone\u00bb][vc_column_inner][vc_column_text el_class=\u00bbinherit\u00bb css=\u00bb.vc_custom_1534521617528{margin-top: 5px !important;}\u00bb] Levantamiento de Muslos o Lifting de Muslos [vc_empty_space height=\u00bb5px\u00bb] El Lifting de Muslos o Musloplastia es un procedimiento que se realiza para extraer el exceso de piel en la cara interna o externa de los mismos devolvi\u00e9ndole firmeza a la piel. Esta cirug\u00eda se puede [&hellip;]<\/p>\n","protected":false},"author":1,"featured_media":0,"parent":0,"menu_order":0,"comment_status":"closed","ping_status":"closed","template":"","meta":[],"_links":{"self":[{"href":"https:\/\/www.solteromd.com\/spanish\/wp-json\/wp\/v2\/pages\/365"}],"collection":[{"href":"https:\/\/www.solteromd.com\/spanish\/wp-json\/wp\/v2\/pages"}],"about":[{"href":"https:\/\/www.solteromd.com\/spanish\/wp-json\/wp\/v2\/types\/page"}],"author":[{"embeddable":true,"href":"https:\/\/www.solteromd.com\/spanish\/wp-json\/wp\/v2\/users\/1"}],"replies":[{"embeddable":true,"href":"https:\/\/www.solteromd.com\/spanish\/wp-json\/wp\/v2\/comments?post=365"}],"version-history":[{"count":19,"href":"https:\/\/www.solteromd.com\/spanish\/wp-json\/wp\/v2\/pages\/365\/revisions"}],"predecessor-version":[{"id":1499,"href":"https:\/\/www.solteromd.com\/spanish\/wp-json\/wp\/v2\/pages\/365\/revisions\/1499"}],"wp:attachment":[{"href":"https:\/\/www.solteromd.com\/spanish\/wp-json\/wp\/v2\/media?parent=365"}],"curies":[{"name":"wp","href":"https:\/\/api.w.org\/{rel}","templated":true}]}}