{"id":1765,"date":"2024-11-08T20:50:59","date_gmt":"2024-11-08T20:50:59","guid":{"rendered":"https:\/\/www.solteromd.com\/spanish\/?page_id=1765"},"modified":"2024-11-08T20:50:59","modified_gmt":"2024-11-08T20:50:59","slug":"politica-de-privacidad","status":"publish","type":"page","link":"https:\/\/www.solteromd.com\/spanish\/politica-de-privacidad\/","title":{"rendered":"Pol\u00edtica de Privacidad"},"content":{"rendered":"<p>[vc_row][vc_column][vc_column_text]Su privacidad es importante para nosotros. Es pol\u00edtica de Dr. Ron Soltero MD FACS Plastic Surgery respetar su privacidad con respecto a cualquier informaci\u00f3n que podamos recopilar de usted a trav\u00e9s de nuestro sitio web, https:\/\/www.solteromd.com\/, y otros sitios que poseemos y operamos.<\/p>\n<p>Solo solicitamos informaci\u00f3n personal cuando realmente la necesitamos para brindarle un servicio. La recopilamos por medios justos y legales, con su conocimiento y consentimiento. Tambi\u00e9n le informamos por qu\u00e9 lo recopilamos y c\u00f3mo se utilizar\u00e1.<\/p>\n<p>Solo conservamos la informaci\u00f3n recopilada durante el tiempo necesario para brindarle el servicio solicitado. Los datos que almacenamos los protegeremos dentro de medios comercialmente aceptables para evitar p\u00e9rdidas y robos, as\u00ed como el acceso, divulgaci\u00f3n, copia, uso o modificaci\u00f3n no autorizados.<\/p>\n<p>No compartimos ninguna informaci\u00f3n de identificaci\u00f3n personal p\u00fablicamente ni con terceros, excepto cuando as\u00ed lo exija la ley.<\/p>\n<p>Nuestro sitio web puede vincularse a sitios externos que no son operados por nosotros. Tenga en cuenta que no tenemos control sobre el contenido y las pr\u00e1cticas de estos sitios y no podemos aceptar responsabilidad por sus respectivas pol\u00edticas de privacidad.<\/p>\n<p>Usted es libre de rechazar nuestra solicitud de su informaci\u00f3n personal, en el entendido de que es posible que no podamos brindarle algunos de los servicios que desea.<\/p>\n<p>Su uso continuado de nuestro sitio web se considerar\u00e1 como la aceptaci\u00f3n de nuestras pr\u00e1cticas en materia de privacidad e informaci\u00f3n personal. Si tiene alguna pregunta sobre c\u00f3mo manejamos los datos de los usuarios y la informaci\u00f3n personal, no dude en contactarnos.<\/p>\n<p>Esta pol\u00edtica entra en vigor a partir del 01\/01\/2020[\/vc_column_text][\/vc_column][\/vc_row]<\/p>\n","protected":false},"excerpt":{"rendered":"<p>[vc_row][vc_column][vc_column_text]Su privacidad es importante para nosotros. Es pol\u00edtica de Dr. Ron Soltero MD FACS Plastic Surgery respetar su privacidad con respecto a cualquier informaci\u00f3n que podamos recopilar de usted a trav\u00e9s de nuestro sitio web, https:\/\/www.solteromd.com\/, y otros sitios que poseemos y operamos. Solo solicitamos informaci\u00f3n personal cuando realmente la necesitamos para brindarle un servicio. [&hellip;]<\/p>\n","protected":false},"author":1,"featured_media":0,"parent":0,"menu_order":0,"comment_status":"closed","ping_status":"closed","template":"","meta":[],"_links":{"self":[{"href":"https:\/\/www.solteromd.com\/spanish\/wp-json\/wp\/v2\/pages\/1765"}],"collection":[{"href":"https:\/\/www.solteromd.com\/spanish\/wp-json\/wp\/v2\/pages"}],"about":[{"href":"https:\/\/www.solteromd.com\/spanish\/wp-json\/wp\/v2\/types\/page"}],"author":[{"embeddable":true,"href":"https:\/\/www.solteromd.com\/spanish\/wp-json\/wp\/v2\/users\/1"}],"replies":[{"embeddable":true,"href":"https:\/\/www.solteromd.com\/spanish\/wp-json\/wp\/v2\/comments?post=1765"}],"version-history":[{"count":1,"href":"https:\/\/www.solteromd.com\/spanish\/wp-json\/wp\/v2\/pages\/1765\/revisions"}],"predecessor-version":[{"id":1766,"href":"https:\/\/www.solteromd.com\/spanish\/wp-json\/wp\/v2\/pages\/1765\/revisions\/1766"}],"wp:attachment":[{"href":"https:\/\/www.solteromd.com\/spanish\/wp-json\/wp\/v2\/media?parent=1765"}],"curies":[{"name":"wp","href":"https:\/\/api.w.org\/{rel}","templated":true}]}}