{"id":1657,"date":"2020-10-15T21:16:15","date_gmt":"2020-10-15T21:16:15","guid":{"rendered":"https:\/\/www.solteromd.com\/spanish\/?page_id=1657"},"modified":"2020-10-15T21:28:52","modified_gmt":"2020-10-15T21:28:52","slug":"skin-pen-microneedling-con-prp","status":"publish","type":"page","link":"https:\/\/www.solteromd.com\/spanish\/skin-pen-microneedling-con-prp\/","title":{"rendered":"SKIN PEN\u00ae MICRONEEDLiNG con PRP"},"content":{"rendered":"<p>[vc_row][vc_column width=\u00bb1\/3&#8243; offset=\u00bbvc_hidden-sm vc_hidden-xs\u00bb]<ul class=\"dt-sc-vertical-nav \"><li><a href=\"#one\">Que es Skin Pen\u00ae Microneedling con PRP?<\/a><\/li><li><a href=\"#six\">Galer\u00eda<\/a><\/li><li><a href=\"#two\">Preguntas Frecuentes<\/a><\/li><\/ul>[\/vc_column][vc_column width=\u00bb2\/3&#8243;][vc_row_inner el_id=\u00bbone\u00bb][vc_column_inner][vc_column_text el_class=\u00bbinherit\u00bb css=\u00bb.vc_custom_1602796893755{margin-top: 5px !important;}\u00bb]<\/p>\n<h3><strong>Que es Skin Pen\u00ae Microneedling con PRP?<\/strong><\/h3>\n<p>[vc_empty_space height=\u00bb5px\u00bb]<\/p>\n<p style=\"text-align: left;\">Skin Pen\u00ae es la primera pluma de Microneedling aprobada por el FDA, y cl\u00ednicamente asegurada por ser efectiva y segura en el tratamiento de cicatrices de acn\u00e9 para pacientes de 22 a\u00f1os en adelante. Luego de 3 tratamientos de Skin Pen\u00ae Microneedling con PRP en la cl\u00ednica del Ron Soltero MD Plastic Surgery, cada 30 d\u00edas, se notar\u00e1 una apariencia mejorada y una piel renovada.<\/p>\n<p>[\/vc_column_text][vc_empty_space][vc_single_image image=\u00bb1660&#8243; img_size=\u00bbfull\u00bb alignment=\u00bbcenter\u00bb][vc_single_image image=\u00bb1661&#8243; img_size=\u00bbfull\u00bb alignment=\u00bbcenter\u00bb][\/vc_column_inner][\/vc_row_inner][vc_empty_space height=\u00bb80px\u00bb][vc_row_inner][vc_column_inner offset=\u00bbvc_hidden-lg vc_hidden-md\u00bb][vc_column_text]<span style=\"color: blue; font-size: 14px; font-weight: bold;\">TOCAR SOBRE LA IMAGEN PARA VER RESULTADOS DE ANTES Y DESPU\u00c9S<\/span>[\/vc_column_text][\/vc_column_inner][\/vc_row_inner][vc_row_inner el_id=\u00bbsix\u00bb][vc_column_inner][vc_column_text]<\/p>\n<h3><strong>Galer\u00eda de Fotos<\/strong><\/h3>\n<p>Caso 1<\/p>\n\n<p>&nbsp;<\/p>\n<p>Caso 2<\/p>\n\n<p>&nbsp;<\/p>\n<p>Caso 3<\/p>\n\n<p>&nbsp;<\/p>\n<p>Case 4<\/p>\n<p>[\/vc_column_text][\/vc_column_inner][\/vc_row_inner][vc_row_inner el_id=\u00bbtwo\u00bb css=\u00bb.vc_custom_1601396583979{margin-top: 30px !important;}\u00bb][vc_column_inner][vc_column_text el_class=\u00bbinherit\u00bb css=\u00bb.vc_custom_1602797217591{margin-top: 8px !important;margin-bottom: 39px !important;}\u00bb]<\/p>\n<h3><strong>Preguntas Frecuentes<\/strong><\/h3>\n<p>&nbsp;<\/p>\n<p><strong>Como funciona Skin Pen\u00ae Microneedling con PRP?<\/strong><\/p>\n<p>El primer paso en este procedimiento es sacarle sangre al paciente.\u00a0 La sangre es centrifugada por una maquina especial, y las plaquetas son separadas y recolectadas para ser usadas como el \u201cserum de oro\u201d que se aplicara sobre la cara una vez el tratamiento de Skin Pen\u00ae Microneedling es efectuado sobre la cara y el cuello y areas deseadas.<\/p>\n<p>El proximo paso es efectuar el Skin Pen\u00ae Microneedling en toda la cara y cuello.\u00a0 Skin Pen\u00ae Microneedling con PRP tambi\u00e9n puede ser usado para mejorar cicatrices de cirug\u00eda pl\u00e1stica; por favor consultar con el Dr. Ron Soltero sobre instrucciones de post operatorio para este tratamiento.<\/p>\n<p>Skin Pen\u00ae Microneedling crea micro agujeros controlados en toda la piel, por estos peque\u00f1os agujeros penetra el serum de PRP. Este proceso estimula la reacci\u00f3n de auto curaci\u00f3n de la piel, estimula la creaci\u00f3n de nuevo colageno y as\u00ed mejora la textura y apariencia de la piel.<\/p>\n<p>Una vez el Skin Pen\u00ae Microneedling es efectuado, el serum PRP es aplicado por nuestra enfermera en todas las areas, este serum penetra los peque\u00f1os agujeros y se deja aplicado en toda la piel tratada.\u00a0 El paciente experimentara una sensaci\u00f3n de tension, y estiramiento en toda la piel, y tambi\u00e9n notara que tendr\u00e1 un leve tono rosado\/rojizo en todas las areas tratadas debido a los peque\u00f1os agujeros creados por Skin Pen\u00ae Microneedling.<\/p>\n<p>El procedimiento de Skin Pen\u00ae Microneedling con PRP toma aproximadamente 30 a 90 minutos en completar, dependiendo las areas a tratar.\u00a0 El paciente esta listo para irse a su casa inmediatamente despu\u00e9s de terminar el procedimiento.\u00a0 Se le da instrucciones de aplicar una crema hidratante antes de ir a dormir.\u00a0 Al d\u00eda siguiente el paciente puede resumir su vida normal.<\/p>\n<p>Los resultados del Skin Pen\u00ae Microneedling con PRP ser\u00e1n evidentes desde el d\u00eda despu\u00e9s hasta meses despu\u00e9s del procedimiento.\u00a0 Para mejores resultados se recomiendan un total de 3 tratamientos, con no menos de 30 d\u00edas de distanciamiento entre tratamiento.<\/p>\n<p>Skin Pen\u00ae Microneedling con PRP funciona para todo tipo de pieles.\u00a0 La mayor\u00eda de los tratamientos toma aproximadamente 30 minutos, y los mejores resultados se ver\u00e1n despu\u00e9s de al menos 3 tratamientos distanciados 30 d\u00edas entre cada tratamiento.<\/p>\n<p>&nbsp;<\/p>\n<p>&nbsp;<\/p>\n<p><strong>Como me sentir\u00e9 despu\u00e9s del Skin Pen\u00ae Microneedling con PRP?<\/strong><\/p>\n<p>La piel se vera rojiza debido a las micro heridas creadas por el Skin Pen\u00ae Microneedling, sera parecido a una quemaz\u00f3n del sol.\u00a0 Los efectos secundarios mas comunes son : sequedad de la piel, comez\u00f3n, leve molestia, sensaci\u00f3n de tension y quemaz\u00f3n.\u00a0 Todos estos s\u00edntomas se ir\u00e1n disipando con los d\u00edas.<\/p>\n<p>&nbsp;<\/p>\n<p>&nbsp;<\/p>\n<p><strong>Cuales son los beneficios de el tratamiento Skin Pen\u00ae Microneedling con PRP?<\/strong><\/p>\n<p>Skin Pen\u00ae Microneedling con PRP ha sido cl\u00ednicamente demostrado que mejora la apariencia de la piel, y de las cicatrices de acne.\u00a0 90% de las personas que se hicieron este tratamiento lo recomiendan a sus amigos y familiares.\u00a0 Es m\u00ednimamente invasivo, y se hace en la clinica el mismo d\u00eda sin tener que hacer reposo.\u00a0 Skin Pen\u00ae Microneedling esta aprobado por el FDA, y es el \u00fanico con altos niveles de seguridad.<\/p>\n<p>&nbsp;<\/p>\n<p>&nbsp;<\/p>\n<p><strong>Funcionara para mi caso?<\/strong><\/p>\n<p>Skin Pen\u00ae Microneedling es demostrado efectivo para hombres y mujeres para pieles de todo tipo, de claras a obscuras.\u00a0 Skin Pen\u00ae Microneedling con PRP no es abrasivo, y es un procedimiento seguro administrado por nuestra enfermera registrada aqu\u00ed en Ron Soltero MD Plastic Surgery.<\/p>\n<p>&nbsp;<\/p>\n<p>&nbsp;<\/p>\n<p><strong>Es seguro?<\/strong><\/p>\n<p>Skin Pen\u00ae Microneedling con PRP es seguro, ya que se usa un cartucho descartable para cada paciente, asegurando higiene y seguridad total para cada paciente. Es el \u00fanico dispositivo de Microneedling en el mercado que esta aprobado por el FDA, y aprobado por el Dr. Ron Soltero Cirujano Pl\u00e1stico.[\/vc_column_text][vc_empty_space height=\u00bb20px\u00bb][vc_empty_space height=\u00bb48px\u00bb][\/vc_column_inner][\/vc_row_inner][vc_empty_space height=\u00bb20px\u00bb][vc_empty_space height=\u00bb48px\u00bb][\/vc_column][\/vc_row][vc_row][vc_column][vc_empty_space height=\u00bb100px\u00bb][\/vc_column][\/vc_row]<\/p>\n","protected":false},"excerpt":{"rendered":"<p>[vc_row][vc_column width=\u00bb1\/3&#8243; offset=\u00bbvc_hidden-sm vc_hidden-xs\u00bb][\/vc_column][vc_column width=\u00bb2\/3&#8243;][vc_row_inner el_id=\u00bbone\u00bb][vc_column_inner][vc_column_text el_class=\u00bbinherit\u00bb css=\u00bb.vc_custom_1602796893755{margin-top: 5px !important;}\u00bb] Que es Skin Pen\u00ae Microneedling con PRP? [vc_empty_space height=\u00bb5px\u00bb] Skin Pen\u00ae es la primera pluma de Microneedling aprobada por el FDA, y cl\u00ednicamente asegurada por ser efectiva y segura en el tratamiento de cicatrices de acn\u00e9 para pacientes de 22 a\u00f1os en adelante. Luego de [&hellip;]<\/p>\n","protected":false},"author":1,"featured_media":0,"parent":0,"menu_order":0,"comment_status":"closed","ping_status":"closed","template":"","meta":[],"_links":{"self":[{"href":"https:\/\/www.solteromd.com\/spanish\/wp-json\/wp\/v2\/pages\/1657"}],"collection":[{"href":"https:\/\/www.solteromd.com\/spanish\/wp-json\/wp\/v2\/pages"}],"about":[{"href":"https:\/\/www.solteromd.com\/spanish\/wp-json\/wp\/v2\/types\/page"}],"author":[{"embeddable":true,"href":"https:\/\/www.solteromd.com\/spanish\/wp-json\/wp\/v2\/users\/1"}],"replies":[{"embeddable":true,"href":"https:\/\/www.solteromd.com\/spanish\/wp-json\/wp\/v2\/comments?post=1657"}],"version-history":[{"count":3,"href":"https:\/\/www.solteromd.com\/spanish\/wp-json\/wp\/v2\/pages\/1657\/revisions"}],"predecessor-version":[{"id":1662,"href":"https:\/\/www.solteromd.com\/spanish\/wp-json\/wp\/v2\/pages\/1657\/revisions\/1662"}],"wp:attachment":[{"href":"https:\/\/www.solteromd.com\/spanish\/wp-json\/wp\/v2\/media?parent=1657"}],"curies":[{"name":"wp","href":"https:\/\/api.w.org\/{rel}","templated":true}]}}